{"id":269,"date":"2018-08-09T08:51:20","date_gmt":"2018-08-09T08:51:20","guid":{"rendered":"https:\/\/centroportalasia.com\/PortalAsia\/?page_id=269"},"modified":"2018-10-10T14:49:13","modified_gmt":"2018-10-10T14:49:13","slug":"politica-de-privacidad","status":"publish","type":"page","link":"https:\/\/centroportalasia.com\/PortalAsia\/politica-de-privacidad\/","title":{"rendered":"POL\u00cdTICA DE PRIVACIDAD"},"content":{"rendered":"<p><span id=\"Politica\">.<\/span><\/p>\n<h2 style=\"text-align: center;\">POL\u00cdTICA DE PRIVACIDAD<\/h2>\n<p>La presente Pol\u00edtica de Privacidad forma parte integrante del\u00a0<a href=\"https:\/\/centroportalasia.com\/PortalAsia\/aviso-legal\/\">Aviso Legal<\/a>\u00a0del sitio Web<\/p>\n<p>&nbsp;<\/p>\n<table border=\"1\" cellspacing=\"0\" cellpadding=\"0\">\n<tbody>\n<tr>\n<td colspan=\"3\" valign=\"top\">\n<p align=\"center\"><strong>Informaci\u00f3n b\u00e1sica sobre protecci\u00f3n de datos<\/strong><\/p>\n<\/td>\n<\/tr>\n<tr>\n<td valign=\"top\" width=\"164\"><strong>Responsable<\/strong><\/td>\n<td valign=\"top\" width=\"465\"><strong>CENTRO PORTAL ASIA<\/strong><br \/>\nCarrer \u00c0ngel Guimer\u00e0, 9 08902 L\u2019Hospitalet de Llobregat (Barcelona)<br \/>\nTel\u00e9fono: <a href=\"tel:660 269 027\">660 269 027<\/a><br \/>\nCorreo electr\u00f3nico: <a href=\"mailto:info@centroportalasia.com\">info@centroportalasia.com<\/a><\/td>\n<td valign=\"top\" width=\"117\"><a href=\"https:\/\/centroportalasia.com\/PortalAsia\/politica-de-privacidad\/#Responsable\">+info<\/a><\/td>\n<\/tr>\n<tr>\n<td valign=\"top\" width=\"164\"><strong>Finalidad<\/strong><\/td>\n<td valign=\"top\" width=\"465\">Nuestra finalidad es dar a conocer los idiomas y culturas asi\u00e1ticas a trav\u00e9s de los servicios, actividades y talleres que realizamos en nuestro centro privado de estudios.<\/td>\n<td valign=\"top\" width=\"117\"><a href=\"https:\/\/centroportalasia.com\/PortalAsia\/politica-de-privacidad\/#Finalidad\">+info<\/a><\/td>\n<\/tr>\n<tr>\n<td valign=\"top\" width=\"164\"><strong>Legitimaci\u00f3n<\/strong><\/td>\n<td valign=\"top\" width=\"465\">Consentimiento del interesado en la aceptaci\u00f3n de la pol\u00edtica de privacidad.<\/td>\n<td valign=\"top\" width=\"117\"><a href=\"https:\/\/centroportalasia.com\/PortalAsia\/politica-de-privacidad\/#Legitimacion\">+info<\/a><\/td>\n<\/tr>\n<tr>\n<td valign=\"top\" width=\"164\"><strong>Procedencia<\/strong><\/td>\n<td valign=\"top\" width=\"465\">Recabamos los datos que nos facilita a trav\u00e9s de: correo electr\u00f3nico, conversaciones telef\u00f3nicas o bien, de forma directa, mediante formularios en nuestro centro de estudios.<\/td>\n<td valign=\"top\" width=\"117\"><a href=\"https:\/\/centroportalasia.com\/PortalAsia\/politica-de-privacidad\/#Procedencia\">+info<\/a><\/td>\n<\/tr>\n<tr>\n<td valign=\"top\" width=\"164\"><strong>Destinatarios<\/strong><\/td>\n<td valign=\"top\" width=\"465\">Encargados del tratamiento con sede en la UE.<\/td>\n<td valign=\"top\" width=\"117\"><a href=\"https:\/\/centroportalasia.com\/PortalAsia\/politica-de-privacidad\/#Destinatario\">+info<\/a><\/td>\n<\/tr>\n<tr>\n<td valign=\"top\" width=\"164\"><strong>Derechos<\/strong><\/td>\n<td valign=\"top\" width=\"465\">Acceso, rectificaci\u00f3n, oposici\u00f3n, supresi\u00f3n, limitaci\u00f3n del tratamiento y portabilidad de los datos personales, como se explica en el correspondiente apartado.<\/td>\n<td valign=\"top\" width=\"117\"><a href=\"https:\/\/centroportalasia.com\/PortalAsia\/politica-de-privacidad\/#Derechos\">+info<\/a><\/td>\n<\/tr>\n<tr>\n<td valign=\"top\" width=\"164\"><strong>Informaci\u00f3n adicional<\/strong><\/td>\n<td valign=\"top\" width=\"465\">Puede consultar la informaci\u00f3n adicional y detallada sobre Protecci\u00f3n de Datos en el desglose de apartados que le presentamos a continuaci\u00f3n.<\/td>\n<td valign=\"top\" width=\"117\">\n<h3><\/h3>\n<\/td>\n<\/tr>\n<\/tbody>\n<\/table>\n<p><!--more--><\/p>\n<p>&nbsp;<\/p>\n<p>&nbsp;<\/p>\n<p>&nbsp;<\/p>\n<hr \/>\n<p><span id=\"Responsable\">.<\/span><\/p>\n<ul>\n<li><strong> Responsable. \u00bfQui\u00e9n es el responsable del tratamiento de sus datos?<\/strong><\/li>\n<\/ul>\n<p style=\"text-align: justify;\">Le informamos que <strong>CENTRO PORTAL ASIA<\/strong> es el nombre comercial de <strong>CENTRO PORTAL ASIA S.L.<\/strong>, con CIF n\u00ba\u00a0B66703547 y domicilio social en CARRER \u00c0NGEL GUIMER\u00c0, 9 , 08902 L\u2019HOSPITALET DE LLOBREGAT (BARCELONA). En el presente documento le proporcionamos informaci\u00f3n detallada acerca de nuestra Pol\u00edtica de Privacidad. Si tiene alguna pregunta o preocupaci\u00f3n sobre privacidad, por favor p\u00f3ngase en contacto con nosotros a trav\u00e9s de esta direcci\u00f3n de correo electr\u00f3nico <a href=\"mailto:info@centroportalasia.com\">info@centroportalasia.com<\/a>.<\/p>\n<p style=\"text-align: right;\"><a href=\"https:\/\/centroportalasia.com\/PortalAsia\/politica-de-privacidad\/#Politica\">VOLVER<\/a><\/p>\n<p>&nbsp;<\/p>\n<p>&nbsp;<\/p>\n<p>&nbsp;<\/p>\n<hr \/>\n<p><span id=\"Legitimacion\">.<\/span><\/p>\n<ul>\n<li><strong>Legitimaci\u00f3n. \u00bfCu\u00e1l es la legitimaci\u00f3n para el tratamiento de sus datos?<\/strong><\/li>\n<\/ul>\n<p style=\"text-align: justify;\">La base legal para el tratamiento de sus datos est\u00e1 basada en el consentimiento que se le solicitar\u00e1 en el formulario de registro.<\/p>\n<p style=\"text-align: justify;\">Cuando usted nos facilite datos personales directamente por tel\u00e9fono o correo electr\u00f3nico, la base legal para el tratamiento de sus datos ser\u00e1 nuestro inter\u00e9s leg\u00edtimo para dar respuesta a su solicitud de contacto y poder atenderle de forma satisfactoria.<\/p>\n<p style=\"text-align: justify;\">El usuario que facilite datos personales a trav\u00e9s de todos los medios arriba mencionados est\u00e1 proporcionando voluntariamente datos de car\u00e1cter personal (de ahora en adelante Datos Personales). La informaci\u00f3n personal que nos facilite por estos medios pasar\u00e1 a ser introducida en un tratamiento de datos bajo la responsabilidad de <strong>CENTRO PORTAL ASIA<\/strong>, y se mantendr\u00e1 confidencial y protegida.<\/p>\n<p style=\"text-align: justify;\">En tal sentido, <strong>CENTRO PORTAL ASIA<\/strong> informa a los usuarios que, en cumplimiento del RGPD 679\/2016 dispone de un Registro de Actividades. Por todo ello, el usuario acepta de forma expresa, plenamente y sin reservas que <strong>CENTRO PORTAL ASIA<\/strong> trate sus datos personales con la finalidad de descubrir y dar a conocer a todos los interesados los idiomas y culturas asi\u00e1ticas a trav\u00e9s de los servicios, actividades y talleres que realizamos en nuestro centro de estudios.<\/p>\n<p style=\"text-align: right;\"><a href=\"https:\/\/centroportalasia.com\/PortalAsia\/politica-de-privacidad\/#Politica\">VOLVER<\/a><\/p>\n<p>&nbsp;<\/p>\n<p>&nbsp;<\/p>\n<p>&nbsp;<\/p>\n<hr \/>\n<p><span id=\"Procedencia\">.<\/span><\/p>\n<ul>\n<li><strong>Procedencia. \u00bfC\u00f3mo hemos obtenido sus datos?<\/strong><\/li>\n<\/ul>\n<p style=\"text-align: justify;\">Toda la informaci\u00f3n personal, datos de car\u00e1cter personal, que tenemos de usted nos la ha facilitado a trav\u00e9s de comunicaciones telef\u00f3nicas, correo electr\u00f3nico o mediante el formulario de registro.<\/p>\n<p><strong>\u00bfQu\u00e9 datos le solicitaremos durante el registro?<\/strong><\/p>\n<p>Cuando usted decida registrarse en nuestro centro se le solicitaran los siguientes datos:<\/p>\n<ul>\n<li>Tratamiento<\/li>\n<li>Nombre<\/li>\n<li>Apellidos<\/li>\n<li>Fecha de nacimiento<\/li>\n<li>DNI<\/li>\n<li>Correo electr\u00f3nico<\/li>\n<li>Tel\u00e9fono<\/li>\n<li>Direcci\u00f3n completa (calle, c\u00f3digo postal y poblaci\u00f3n)<\/li>\n<li>Datos sanitarios de inter\u00e9s, si usted lo considera oportuno para evitar riesgos en el centro de estudios.<\/li>\n<li>Tutores legales, en caso de menores de edad<\/li>\n<\/ul>\n<p>Estos son los \u00fanicos datos que le solicitaremos como obligatorios para poder registrarse. Una vez rellenados los datos deber\u00e1 leer y aceptar nuestras normas de uso y comportamiento del centro y nuestra pol\u00edtica de privacidad.<\/p>\n<p>A partir de ese momento podr\u00e1 disfrutar de los servicios, actividades y talleres de <strong>CENTRO PORTAL ASIA<\/strong>.<\/p>\n<p><strong>\u00bfQu\u00e9 datos le solicitaremos en los correos electr\u00f3nicos o llamadas telef\u00f3nicas que usted nos haga?<\/strong><\/p>\n<p>Los datos necesarios para poder responderle en base a la consulta realizada y poder mantener la comunicaci\u00f3n.<\/p>\n<p style=\"text-align: right;\"><a href=\"https:\/\/centroportalasia.com\/PortalAsia\/politica-de-privacidad\/#Politica\">VOLVER<\/a><\/p>\n<p>&nbsp;<\/p>\n<p>&nbsp;<\/p>\n<p>&nbsp;<\/p>\n<hr \/>\n<p><span id=\"Finalidad\">.<\/span><\/p>\n<ul>\n<li><strong>Finalidad\/es<br \/>\n<\/strong><\/li>\n<\/ul>\n<p style=\"text-align: justify;\">La finalidad de <strong>CENTRO PORTAL ASIA<\/strong> es la de descubrir y dar a conocer a todos los interesados los idiomas y culturas asi\u00e1ticas a trav\u00e9s de los servicios, actividades y talleres que realizamos en nuestro centro privado de estudios.<\/p>\n<p style=\"text-align: justify;\">Por lo tanto utilizaremos tus datos para darte el servicio que quieras recibir en nuestro centro o bien para la gesti\u00f3n previa de solicitud de informaci\u00f3n, consultas o registro.<\/p>\n<p style=\"text-align: justify;\">En resumen, de lo dicho hasta el momento, la informaci\u00f3n personal que nos facilite a trav\u00e9s de los medios arriba indicados se mantendr\u00e1 confidencial y protegida. En ning\u00fan caso se destinar\u00e1 o utilizar\u00e1 para otros fines, ni se entregar\u00e1 a terceras personas sin su consentimiento, de acuerdo con los principios del Reglamento (UE) 2016\/679. Para cumplir con las distintas disposiciones legales, hemos establecido diferentes niveles de seguridad para proteger los datos personales que nos faciliten, habiendo adoptado todas las medidas t\u00e9cnicas a nuestro alcance para evitar la p\u00e9rdida, mal uso, alteraci\u00f3n, acceso no autorizado y manipulaci\u00f3n de dichos datos personales.<\/p>\n<p>Nuestro compromiso:<\/p>\n<ul>\n<li>Prometemos proteger su intimidad y tratar de forma confidencial la informaci\u00f3n que proporcione.<\/li>\n<li>La informaci\u00f3n que proporcione ser\u00e1 utilizada \u00fanicamente para responder a sus consultas o referente a los servicios que ofrecemos.<\/li>\n<li>No revelaremos su informaci\u00f3n personal a terceros sin su consentimiento.<\/li>\n<\/ul>\n<p><strong>\u00bfPor cu\u00e1nto tiempo conservaremos sus datos?<\/strong><\/p>\n<p style=\"text-align: justify;\">Los datos de car\u00e1cter personal se conservar\u00e1n en cumplimiento de los plazos legales de prescripci\u00f3n que resulten de aplicaci\u00f3n y durante el tiempo necesario para la realizaci\u00f3n de las finalidades para las que fueron recogidos. Siempre que lo desee podr\u00e1 darse de baja como usuario, adem\u00e1s de poder cambiar o eliminar sus subscripciones cuando lo desee.<\/p>\n<p style=\"text-align: right;\"><a href=\"https:\/\/centroportalasia.com\/PortalAsia\/politica-de-privacidad\/#Politica\">VOLVER<\/a><\/p>\n<p>&nbsp;<\/p>\n<p>&nbsp;<\/p>\n<hr \/>\n<p><span id=\"Destinatario\">.<\/span><\/p>\n<ul>\n<li><strong>Destinatarios<br \/>\n<\/strong><\/li>\n<\/ul>\n<p>Sus datos no ser\u00e1n cedidos a terceras empresas ajenas a <strong>CENTRO PORTAL ASIA<\/strong> y ser\u00e1n tratados \u00fanicamente por:<\/p>\n<ul>\n<li>Los empleados de <strong>CENTRO PORTAL ASIA<\/strong>, sometidos a secreto profesional para poder prestarle el servicio solicitado.<\/li>\n<li>Encargados del tratamiento contratados por <strong>CENTRO PORTAL ASIA<\/strong> con sede en la UE.<\/li>\n<li>Administraciones Publicas, Fuerzas y Cuerpos de seguridad del estado, Bancos o profesionales del \u00e1mbito jur\u00eddico o fiscal, cuando as\u00ed lo exija la normativa vigente.<\/li>\n<\/ul>\n<p style=\"text-align: right;\"><a href=\"https:\/\/centroportalasia.com\/PortalAsia\/politica-de-privacidad\/#Politica\">VOLVER<\/a><\/p>\n<p>&nbsp;<\/p>\n<p>&nbsp;<\/p>\n<hr \/>\n<p><span id=\"Derechos\">.<\/span><\/p>\n<ul>\n<li><strong>Derechos<br \/>\n<\/strong><\/li>\n<\/ul>\n<p>Puede ejercitar los derechos reconocidos en la legislaci\u00f3n vigente en materia de protecci\u00f3n de datos (acceso, rectificaci\u00f3n, supresi\u00f3n, limitaci\u00f3n, portabilidad y oposici\u00f3n), remitiendo una comunicaci\u00f3n por escrita a <strong>CENTRO PORTAL ASIA<\/strong> a trav\u00e9s de la direcci\u00f3n de correo electr\u00f3nico <a href=\"mailto:info@centroportalasia.com\">info@centroportalasia.com<\/a>. El usuario deber\u00e1 acompa\u00f1ar una copia de su documento nacional de identidad, pasaporte u otro documento v\u00e1lido que lo identifique.<\/p>\n<p>Estos derechos ser\u00e1n atendidos, en el plazo de 1 mes, que podr\u00e1 ampliarse a 2 meses si la complejidad de la solicitud o el n\u00famero de solicitudes recibidas as\u00ed lo exige. Todo ello\u00a0sin perjuicio del deber de conservar ciertos datos en los t\u00e9rminos legales y hasta que prescriban las posibles\u00a0responsabilidades derivadas de un posible tratamiento, o, en su caso, de una relaci\u00f3n contractual.<\/p>\n<p>Adem\u00e1s de lo anterior, y en relaci\u00f3n con\u00a0la normativa de protecci\u00f3n de datos, los usuarios que lo soliciten, tienen la posibilidad de organizar el destino de sus datos despu\u00e9s de su fallecimiento.<\/p>\n<p><strong>CENTRO PORTAL ASIA<\/strong> informa a los usuarios de su derecho a presentar una reclamaci\u00f3n ante la Autoridad de Control en materia de Protecci\u00f3n de Datos competente cuando consideren que el tratamiento de sus datos personales infringe la normativa de protecci\u00f3n de datos aplicable.<\/p>\n<p>Adem\u00e1s de esta Pol\u00edtica de privacidad, el usuario deber\u00e1 leer nuestro <a href=\"https:\/\/centroportalasia.com\/PortalAsia\/aviso-legal\/\">Aviso Legal<\/a>.<\/p>\n<p style=\"text-align: right;\"><a href=\"https:\/\/centroportalasia.com\/PortalAsia\/politica-de-privacidad\/#Politica\">VOLVER<\/a><\/p>\n<p>&nbsp;<\/p>\n<p>&nbsp;<\/p>\n","protected":false},"excerpt":{"rendered":"<p>. POL\u00cdTICA DE PRIVACIDAD La presente Pol\u00edtica de Privacidad forma parte integrante del\u00a0Aviso Legal\u00a0del sitio Web &nbsp; Informaci\u00f3n b\u00e1sica sobre protecci\u00f3n de datos Responsable CENTRO PORTAL ASIA Carrer \u00c0ngel Guimer\u00e0, 9 08902 L\u2019Hospitalet de Llobregat (Barcelona) Tel\u00e9fono: 660 269 027 Correo electr\u00f3nico: info@centroportalasia.com +info Finalidad Nuestra finalidad es dar a \u2026 <a class=\"continue-reading-link\" href=\"https:\/\/centroportalasia.com\/PortalAsia\/politica-de-privacidad\/\">Continuer \u00e0 lire <span class=\"meta-nav\">&rarr; <\/span><\/a><\/p>\n","protected":false},"author":2,"featured_media":0,"parent":0,"menu_order":0,"comment_status":"closed","ping_status":"closed","template":"templates\/template-onecolumn.php","meta":{"footnotes":""},"class_list":["post-269","page","type-page","status-publish","hentry"],"_links":{"self":[{"href":"https:\/\/centroportalasia.com\/PortalAsia\/wp-json\/wp\/v2\/pages\/269","targetHints":{"allow":["GET"]}}],"collection":[{"href":"https:\/\/centroportalasia.com\/PortalAsia\/wp-json\/wp\/v2\/pages"}],"about":[{"href":"https:\/\/centroportalasia.com\/PortalAsia\/wp-json\/wp\/v2\/types\/page"}],"author":[{"embeddable":true,"href":"https:\/\/centroportalasia.com\/PortalAsia\/wp-json\/wp\/v2\/users\/2"}],"replies":[{"embeddable":true,"href":"https:\/\/centroportalasia.com\/PortalAsia\/wp-json\/wp\/v2\/comments?post=269"}],"version-history":[{"count":32,"href":"https:\/\/centroportalasia.com\/PortalAsia\/wp-json\/wp\/v2\/pages\/269\/revisions"}],"predecessor-version":[{"id":319,"href":"https:\/\/centroportalasia.com\/PortalAsia\/wp-json\/wp\/v2\/pages\/269\/revisions\/319"}],"wp:attachment":[{"href":"https:\/\/centroportalasia.com\/PortalAsia\/wp-json\/wp\/v2\/media?parent=269"}],"curies":[{"name":"wp","href":"https:\/\/api.w.org\/{rel}","templated":true}]}}