{"id":307,"date":"2018-08-09T09:38:18","date_gmt":"2018-08-09T09:38:18","guid":{"rendered":"https:\/\/centroportalasia.com\/PortalAsia\/?page_id=307"},"modified":"2018-10-10T14:49:13","modified_gmt":"2018-10-10T14:49:13","slug":"politica-de-cookies","status":"publish","type":"page","link":"https:\/\/centroportalasia.com\/PortalAsia\/politica-de-cookies\/","title":{"rendered":"POL\u00cdTICA DE COOKIES"},"content":{"rendered":"<h1 style=\"text-align: center;\">POL\u00cdTICA DE COOKIES<\/h1>\n<p><strong>La presente Pol\u00edtica de Cookies forma parte integrante del\u00a0<\/strong><a href=\"https:\/\/centroportalasia.com\/PortalAsia\/aviso-legal\/\"><strong>Aviso Legal<\/strong><\/a><strong>\u00a0del sitio Web.<\/strong><\/p>\n<ol>\n<li><strong>DEFINICI\u00d3N Y FUNCI\u00d3N DE LAS COOKIES.<\/strong><\/li>\n<\/ol>\n<p style=\"text-align: justify;\">\u00bfQu\u00e9 son las cookies? Una cookie es un archivo que se descarga en su ordenador al acceder a determinadas p\u00e1ginas web. Las cookies permiten a una p\u00e1gina web, entre otras cosas, almacenar y recuperar informaci\u00f3n sobre los h\u00e1bitos de navegaci\u00f3n de un usuario o de su equipo y, dependiendo de la informaci\u00f3n que contengan y de la forma en que utilice su equipo, se pueden utilizar para reconocer el usuario.<\/p>\n<ol start=\"2\">\n<li><strong>\u00bfQU\u00c9 TIPOS DE COOKIES UTILIZA ESTA P\u00c1GINA WEB?<\/strong><\/li>\n<\/ol>\n<p style=\"text-align: justify;\">Al navegar por este sitio web se utilizan cookies de sesi\u00f3n y cookies persistentes que, a su vez, pueden ser cookies propias o de terceros.<\/p>\n<p style=\"text-align: justify;\">Las cookies de sesi\u00f3n son cookies dise\u00f1adas para recabar y almacenar datos mientras el usuario accede a una p\u00e1gina web. Se suelen emplear para almacenar informaci\u00f3n que solo interesa conservar para la prestaci\u00f3n del servicio solicitado por el usuario en una sola ocasi\u00f3n.<\/p>\n<p style=\"text-align: justify;\">Las cookies persistentes son un tipo de cookies en el que los datos siguen almacenados en el terminal y a los que se puede acceder y tratar durante un periodo definido por el responsable de la cookie, y que puede ir de unos minutos a varios a\u00f1os.<\/p>\n<ul>\n<li>COOKIES DE TERCEROS: Las administradas por prestadores de servicios publicitarios, de an\u00e1lisis y de redes sociales ajenos a <strong>CENTRO PORTAL ASIA<\/strong>.<\/li>\n<\/ul>\n<p style=\"text-align: justify;\">A continuaci\u00f3n se detallan tanto los terceros que pueden configurar y acceder a cookies (no exentas de informaci\u00f3n y consentimiento) de su equipo como las finalidades con las que es utilizada la informaci\u00f3n que almacenan:<\/p>\n<p>&nbsp;<\/p>\n<p>&nbsp;<\/p>\n<ul>\n<li start=\"3\"><strong>C\u00d3MO BLOQUEAR O ELIMINAR LAS COOKIES INSTALADAS<\/strong><\/li>\n<\/ul>\n<p style=\"text-align: justify;\">Usted puede permitir, bloquear o eliminar las cookies instaladas en su equipo mediante la configuraci\u00f3n de las opciones del navegador instalado. Puede encontrar informaci\u00f3n sobre c\u00f3mo hacerlo, en relaci\u00f3n con los navegadores m\u00e1s comunes, en los links que se incluyen a continuaci\u00f3n:<\/p>\n<p>&nbsp;<\/p>\n<ul>\n<li>Explorer: <a href=\"https:\/\/support.microsoft.com\/es-es\/kb\/278835\">https:\/\/support.microsoft.com\/es-es\/kb\/278835<\/a><\/li>\n<li>Chrome: \u00a0<a href=\"http:\/\/support.google.com\/chrome\/bin\/answer.py?hl=es&amp;answer=95647\">http:\/\/support.google.com\/chrome\/bin\/answer.py?hl=es&amp;answer=95647<\/a><\/li>\n<li>Firefox: \u00a0 <a href=\"https:\/\/support.mozilla.org\/es\/kb\/Borrar%20cookies\">https:\/\/support.mozilla.org\/es\/kb\/Borrar%20cookies<\/a><\/li>\n<li>Safari: \u00a0 \u00a0\u00a0 <a href=\"http:\/\/support.apple.com\/kb\/ph5042\">http:\/\/support.apple.com\/kb\/ph5042<\/a><\/li>\n<\/ul>\n<p>&nbsp;<\/p>\n<p style=\"text-align: justify;\">Le informamos, no obstante, de la posibilidad de que la desactivaci\u00f3n de alguna cookie impida o dificulte la navegaci\u00f3n o la prestaci\u00f3n de los servicios ofrecidos en la p\u00e1gina web.<\/p>\n<ol start=\"4\">\n<li><strong>ACTUALIZACI\u00d3N DE LA POL\u00cdTICA DE COOKIES.<\/strong><\/li>\n<\/ol>\n<p style=\"text-align: justify;\">Es posible que esta pol\u00edtica de cookies sufra alguna modificaci\u00f3n en funci\u00f3n de exigencias legales, o con la finalidad de adaptar dicha pol\u00edtica a las instrucciones dictadas por la Agencia Espa\u00f1ola de Protecci\u00f3n de Datos.<\/p>\n<p style=\"text-align: justify;\">Por esta raz\u00f3n, aconsejamos a los usuarios que la visiten peri\u00f3dicamente. Cuando se produzcan cambios significativos en esta pol\u00edtica de cookies, se comunicar\u00e1n a los usuarios bien mediante la web o a trav\u00e9s de correo electr\u00f3nico a los usuarios registrados.<\/p>\n<p>&nbsp;<\/p>\n","protected":false},"excerpt":{"rendered":"<p>POL\u00cdTICA DE COOKIES La presente Pol\u00edtica de Cookies forma parte integrante del\u00a0Aviso Legal\u00a0del sitio Web. DEFINICI\u00d3N Y FUNCI\u00d3N DE LAS COOKIES. \u00bfQu\u00e9 son las cookies? Una cookie es un archivo que se descarga en su ordenador al acceder a determinadas p\u00e1ginas web. Las cookies permiten a una p\u00e1gina web, entre \u2026 <a class=\"continue-reading-link\" href=\"https:\/\/centroportalasia.com\/PortalAsia\/politica-de-cookies\/\">Continuer \u00e0 lire <span class=\"meta-nav\">&rarr; <\/span><\/a><\/p>\n","protected":false},"author":2,"featured_media":0,"parent":0,"menu_order":0,"comment_status":"closed","ping_status":"closed","template":"templates\/template-onecolumn.php","meta":{"footnotes":""},"class_list":["post-307","page","type-page","status-publish","hentry"],"_links":{"self":[{"href":"https:\/\/centroportalasia.com\/PortalAsia\/wp-json\/wp\/v2\/pages\/307","targetHints":{"allow":["GET"]}}],"collection":[{"href":"https:\/\/centroportalasia.com\/PortalAsia\/wp-json\/wp\/v2\/pages"}],"about":[{"href":"https:\/\/centroportalasia.com\/PortalAsia\/wp-json\/wp\/v2\/types\/page"}],"author":[{"embeddable":true,"href":"https:\/\/centroportalasia.com\/PortalAsia\/wp-json\/wp\/v2\/users\/2"}],"replies":[{"embeddable":true,"href":"https:\/\/centroportalasia.com\/PortalAsia\/wp-json\/wp\/v2\/comments?post=307"}],"version-history":[{"count":5,"href":"https:\/\/centroportalasia.com\/PortalAsia\/wp-json\/wp\/v2\/pages\/307\/revisions"}],"predecessor-version":[{"id":313,"href":"https:\/\/centroportalasia.com\/PortalAsia\/wp-json\/wp\/v2\/pages\/307\/revisions\/313"}],"wp:attachment":[{"href":"https:\/\/centroportalasia.com\/PortalAsia\/wp-json\/wp\/v2\/media?parent=307"}],"curies":[{"name":"wp","href":"https:\/\/api.w.org\/{rel}","templated":true}]}}