{"id":465,"date":"2023-12-10T22:41:05","date_gmt":"2023-12-10T22:41:05","guid":{"rendered":"https:\/\/centroportalasia.com\/PortalAsia\/?page_id=465"},"modified":"2024-06-13T11:24:54","modified_gmt":"2024-06-13T11:24:54","slug":"intensivos-de-coreano","status":"publish","type":"page","link":"https:\/\/centroportalasia.com\/PortalAsia\/intensivos-de-coreano\/","title":{"rendered":"Intensivos de Coreano"},"content":{"rendered":"<h1 style=\"text-align: center;\"><\/h1>\n<h1 style=\"text-align: center;\"><strong>Intensivo mes de Julio 2024\u00a0\u00a0<\/strong><\/h1>\n<ul>\n<li>La duraci\u00f3n del curso es de UN MES.\u00a0 Va desde el d\u00eda 1 de Julio (lunes) hasta el 31 de Julio (Mi\u00e9rcoles de 2024).<\/li>\n<\/ul>\n<p><strong>Interesados rellenar y enviar matr\u00edcula a <a href=\"mailto:info@centroportalasia.com\">info@centroportalasia.com<\/a><\/strong><\/p>\n<p>MATRICULA-2024 clica el link para acceder al documento:<\/p>\n<p><a href=\"https:\/\/docs.google.com\/document\/d\/1DpFz4WCRN11pZ1o2B9xjP-T_yBteuZVp\/edit?usp=drivesdk&amp;ouid=106738374462357097069&amp;rtpof=true&amp;sd=true\">https:\/\/docs.google.com\/document\/d\/1DpFz4WCRN11pZ1o2B9xjP-T_yBteuZVp\/edit?usp=drivesdk&amp;ouid=106738374462357097069&amp;rtpof=true&amp;sd=true<\/a><\/p>\n<p><strong><img loading=\"lazy\" decoding=\"async\" class=\"size-medium wp-image-475 alignright\" src=\"https:\/\/centroportalasia.com\/PortalAsia\/wp-content\/uploads\/2023\/12\/taller-225x300.jpg\" alt=\"\" width=\"225\" height=\"300\" srcset=\"https:\/\/centroportalasia.com\/PortalAsia\/wp-content\/uploads\/2023\/12\/taller-225x300.jpg 225w, https:\/\/centroportalasia.com\/PortalAsia\/wp-content\/uploads\/2023\/12\/taller-768x1024.jpg 768w, https:\/\/centroportalasia.com\/PortalAsia\/wp-content\/uploads\/2023\/12\/taller-1152x1536.jpg 1152w, https:\/\/centroportalasia.com\/PortalAsia\/wp-content\/uploads\/2023\/12\/taller-113x150.jpg 113w, https:\/\/centroportalasia.com\/PortalAsia\/wp-content\/uploads\/2023\/12\/taller.jpg 1500w\" sizes=\"auto, (max-width: 225px) 100vw, 225px\" \/>A QUI\u00c9N VA DIRIGIDO: <\/strong><\/p>\n<p>A estudiantes que empiezan de cero o que se encuentran en el nivel uno. Y tambi\u00e9n a estudiantes en fase de preparaci\u00f3n para hacer el TOPIK (examen oficial de coreano).<\/p>\n<p><strong>Total de horas <\/strong><\/p>\n<p>46 horas, de las cuales:<\/p>\n<ul>\n<li>2 horas son para la presentaci\u00f3n del curso, el programa, el reparto del material, prueba de nivel (en caso de ser necesario) y creaci\u00f3n de objetivos adaptados a cada estudiante.<\/li>\n<li>18 horas de Gram\u00e1tica, estructuras y vocabulario<\/li>\n<li>8 horas de pruebas de consolidaci\u00f3n ling\u00fc\u00edstica (mini- ex\u00e1menes) con sus respectivas correcciones<\/li>\n<li>8 horas de pruebas de audio<\/li>\n<li>6 horas de cultura coreana<\/li>\n<li>2 horas de taller de Kimchi<\/li>\n<li>2 horas de juegos coreanos<\/li>\n<\/ul>\n<p><strong>HORARIO<br \/>\n<\/strong><\/p>\n<ul>\n<li>Lunes a viernes de 11h a 13h (ma\u00f1anas)<\/li>\n<\/ul>\n<p><strong>MATERIAL DE LA ESCUELA QUE ENTRA CON LA MATR\u00cdCULA<\/strong><\/p>\n<p>El programa del intensivo, el libro que se usar\u00e1 para hacer el curso, la libreta emblem\u00e1tica de la escuela y las fotocopias adicionales que formen parte del programa.<\/p>\n<div id=\"attachment_480\" style=\"width: 235px\" class=\"wp-caption alignright\"><img loading=\"lazy\" decoding=\"async\" aria-describedby=\"caption-attachment-480\" class=\"size-medium wp-image-480\" src=\"https:\/\/centroportalasia.com\/PortalAsia\/wp-content\/uploads\/2023\/12\/ceic-1-225x300.jpg\" alt=\"\" width=\"225\" height=\"300\" srcset=\"https:\/\/centroportalasia.com\/PortalAsia\/wp-content\/uploads\/2023\/12\/ceic-1-225x300.jpg 225w, https:\/\/centroportalasia.com\/PortalAsia\/wp-content\/uploads\/2023\/12\/ceic-1-768x1024.jpg 768w, https:\/\/centroportalasia.com\/PortalAsia\/wp-content\/uploads\/2023\/12\/ceic-1-1152x1536.jpg 1152w, https:\/\/centroportalasia.com\/PortalAsia\/wp-content\/uploads\/2023\/12\/ceic-1-113x150.jpg 113w, https:\/\/centroportalasia.com\/PortalAsia\/wp-content\/uploads\/2023\/12\/ceic-1.jpg 1500w\" sizes=\"auto, (max-width: 225px) 100vw, 225px\" \/><p id=\"caption-attachment-480\" class=\"wp-caption-text\">Estamos en colaboraci\u00f3n con el Centro Espa\u00f1ol de Investigaciones Coreanas, por lo que el Certificado del Intensivo cuenta con su sello<\/p><\/div>\n<p><strong>PRECIO<\/strong><\/p>\n<p>Para los <strong>NO ESTUDIANTES DE PORTAL ASIA<\/strong>: 200<strong>\u00a0\u20ac<br \/>\n<\/strong><\/p>\n<p>Para los <strong>ESTUDIANTES DE PORTAL ASIA: 150<\/strong>\u00a0\u20ac (<strong>este precio no excluye del deber de pagar la cuota mensual de estudiante, <\/strong>ya que <strong>el curso anual es independiente del intensivo<\/strong>.)<\/p>\n<p><strong>N\u00daMERO DE ASISTENTE: <\/strong><strong>M\u00c1XIMO 10 PERSONAS APUNTADAS EN LA MISMA FRANJA HORARIA. SI QUIERES AYUDAR A SU REALIZACI\u00d3N, NO DUDES EN COMPARTIR EL FLYER CON NUESTRA INFORMACI\u00d3N. <\/strong><\/p>\n<p><strong>SI DEBIDO AL COVID VOLVIERAN A PONER RESTRICCIONES QUE AFECTEN A LA PRESENCIALIDAD DEL CURSO, SE TRASLADAR\u00c1N TODAS LAS CLASES A LA PLATAFORMA ONLINE (ZOOM). SE MANENDR\u00c1 EL HORARIO Y EL PROFESORADO.\u00a0<\/strong><\/p>\n<p>&nbsp;<\/p>\n","protected":false},"excerpt":{"rendered":"<p>Intensivo mes de Julio 2024\u00a0\u00a0 La duraci\u00f3n del curso es de UN MES.\u00a0 Va desde el d\u00eda 1 de Julio (lunes) hasta el 31 de Julio (Mi\u00e9rcoles de 2024). Interesados rellenar y enviar matr\u00edcula a info@centroportalasia.com MATRICULA-2024 clica el link para acceder al documento: https:\/\/docs.google.com\/document\/d\/1DpFz4WCRN11pZ1o2B9xjP-T_yBteuZVp\/edit?usp=drivesdk&amp;ouid=106738374462357097069&amp;rtpof=true&amp;sd=true A QUI\u00c9N VA DIRIGIDO: A \u2026 <a class=\"continue-reading-link\" href=\"https:\/\/centroportalasia.com\/PortalAsia\/intensivos-de-coreano\/\">Continuer \u00e0 lire <span class=\"meta-nav\">&rarr; <\/span><\/a><\/p>\n","protected":false},"author":1,"featured_media":0,"parent":0,"menu_order":0,"comment_status":"closed","ping_status":"closed","template":"templates\/template-onecolumn.php","meta":{"footnotes":""},"class_list":["post-465","page","type-page","status-publish","hentry"],"_links":{"self":[{"href":"https:\/\/centroportalasia.com\/PortalAsia\/wp-json\/wp\/v2\/pages\/465","targetHints":{"allow":["GET"]}}],"collection":[{"href":"https:\/\/centroportalasia.com\/PortalAsia\/wp-json\/wp\/v2\/pages"}],"about":[{"href":"https:\/\/centroportalasia.com\/PortalAsia\/wp-json\/wp\/v2\/types\/page"}],"author":[{"embeddable":true,"href":"https:\/\/centroportalasia.com\/PortalAsia\/wp-json\/wp\/v2\/users\/1"}],"replies":[{"embeddable":true,"href":"https:\/\/centroportalasia.com\/PortalAsia\/wp-json\/wp\/v2\/comments?post=465"}],"version-history":[{"count":10,"href":"https:\/\/centroportalasia.com\/PortalAsia\/wp-json\/wp\/v2\/pages\/465\/revisions"}],"predecessor-version":[{"id":516,"href":"https:\/\/centroportalasia.com\/PortalAsia\/wp-json\/wp\/v2\/pages\/465\/revisions\/516"}],"wp:attachment":[{"href":"https:\/\/centroportalasia.com\/PortalAsia\/wp-json\/wp\/v2\/media?parent=465"}],"curies":[{"name":"wp","href":"https:\/\/api.w.org\/{rel}","templated":true}]}}