{"id":53,"date":"2016-03-21T10:14:18","date_gmt":"2016-03-21T10:14:18","guid":{"rendered":"https:\/\/centroportalasia.com\/PortalAsia\/?page_id=53"},"modified":"2023-12-12T17:20:54","modified_gmt":"2023-12-12T17:20:54","slug":"intensivo-coreano","status":"publish","type":"page","link":"https:\/\/centroportalasia.com\/PortalAsia\/intensivo-coreano\/","title":{"rendered":"\u00a1Intensivos de Coreano! Una semana en Enero o un mes en Julio 2024"},"content":{"rendered":"<h1 style=\"text-align: center;\"><\/h1>\n<h1 style=\"text-align: center;\"><strong>Semana Intensiva Enero 2024\u00a0\u00a0<\/strong><\/h1>\n<ul>\n<li>La duraci\u00f3n del curso es de UNA SEMANA.\u00a0 Va desde el d\u00eda 8 de Enero (lunes) hasta el 13 de Enero (S\u00e1bado de 2024).<\/li>\n<\/ul>\n<p><strong>Interesados rellenar y enviar matr\u00edcula a <a href=\"mailto:info@centroportalasia.com\">info@centroportalasia.com<\/a><\/strong><\/p>\n<p><a href=\"https:\/\/centroportalasia.com\/PortalAsia\/wp-content\/uploads\/2023\/12\/MATRICULA-semana-enero2024.docx\">MATRICULA-semana-enero2024<\/a><\/p>\n<p><strong>A QUI\u00c9N VA DIRIGIDO: <\/strong><\/p>\n<p>A estudiantes que empiezan de cero o que se encuentran en el nivel uno. Y tambi\u00e9n a estudiantes en fase de preparaci\u00f3n para hacer el TOPIK (examen oficial de coreano).<\/p>\n<p><strong>Total de horas <\/strong><\/p>\n<p>13 horas, de las cuales:<\/p>\n<ul>\n<li>2 horas son para la presentaci\u00f3n del curso, el programa, el reparto del material, prueba de nivel (en caso de ser necesario) y creaci\u00f3n de objetivos adaptados a cada estudiante.<\/li>\n<li>5 horas de Gram\u00e1tica, estructuras y vocabulario<\/li>\n<li>2 horas de pruebas de consolidaci\u00f3n ling\u00fc\u00edstica (mini- ex\u00e1menes) con sus respectivas correcciones<\/li>\n<li>2 horas de pruebas de audio<\/li>\n<li>2 horas de cultura coreana<\/li>\n<\/ul>\n<p><strong>HORARIO (elige la casilla correspondiente):<\/strong><\/p>\n<ul>\n<li>Lunes a viernes de 18h a 20h (tardes)<\/li>\n<li>Lunes a viernes de 11h a 13h (ma\u00f1anas)<\/li>\n<\/ul>\n<p><strong>MATERIAL DE LA ESCUELA QUE ENTRA CON LA MATR\u00cdCULA<\/strong><\/p>\n<p>El programa del intensivo, el libro que se usar\u00e1 para hacer el curso, la libreta emblem\u00e1tica de la escuela y las fotocopias adicionales que formen parte del programa.<\/p>\n<p><strong>PRECIO<\/strong><\/p>\n<p>Para los <strong>NO ESTUDIANTES DE PORTAL ASIA<\/strong>: 200<strong>\u00a0\u20ac<br \/>\n<\/strong><\/p>\n<p>Para los <strong>ESTUDIANTES DE PORTAL ASIA: 150<\/strong>\u00a0\u20ac (<strong>este precio no excluye del deber de pagar la cuota mensual de estudiante, <\/strong>ya que <strong>el curso anual es independiente del intensivo<\/strong>.)<\/p>\n<p><strong>N\u00daMERO DE ASISTENTE: <\/strong><strong>M\u00c1XIMO 10 PERSONAS APUNTADAS EN LA MISMA FRANJA HORARIA. SI QUIERES AYUDAR A SU REALIZACI\u00d3N, NO DUDES EN COMPARTIR EL FLYER CON NUESTRA INFORMACI\u00d3N. <\/strong><\/p>\n<p><strong>SI DEBIDO AL COVID VOLVIERAN A PONER RESTRICCIONES QUE AFECTEN A LA PRESENCIALIDAD DEL CURSO, SE TRASLADAR\u00c1N TODAS LAS CLASES A LA PLATAFORMA ONLINE (ZOOM). SE MANENDR\u00c1 EL HORARIO Y EL PROFESORADO.\u00a0<\/strong><\/p>\n<div id=\"attachment_477\" style=\"width: 235px\" class=\"wp-caption alignnone\"><img loading=\"lazy\" decoding=\"async\" aria-describedby=\"caption-attachment-477\" class=\"size-medium wp-image-477\" src=\"https:\/\/centroportalasia.com\/PortalAsia\/wp-content\/uploads\/2023\/12\/ceic-225x300.jpg\" alt=\"\" width=\"225\" height=\"300\" srcset=\"https:\/\/centroportalasia.com\/PortalAsia\/wp-content\/uploads\/2023\/12\/ceic-225x300.jpg 225w, https:\/\/centroportalasia.com\/PortalAsia\/wp-content\/uploads\/2023\/12\/ceic-768x1024.jpg 768w, https:\/\/centroportalasia.com\/PortalAsia\/wp-content\/uploads\/2023\/12\/ceic-1152x1536.jpg 1152w, https:\/\/centroportalasia.com\/PortalAsia\/wp-content\/uploads\/2023\/12\/ceic-113x150.jpg 113w, https:\/\/centroportalasia.com\/PortalAsia\/wp-content\/uploads\/2023\/12\/ceic.jpg 1500w\" sizes=\"auto, (max-width: 225px) 100vw, 225px\" \/><p id=\"caption-attachment-477\" class=\"wp-caption-text\">El certificado del Intensivo est\u00e1 reconocido por el Departamento de Cultura del Centro Espa\u00f1ol de Investigaciones Coreanas en Catalu\u00f1a<\/p><\/div>\n<p><img loading=\"lazy\" decoding=\"async\" class=\"alignnone size-medium wp-image-475\" src=\"https:\/\/centroportalasia.com\/PortalAsia\/wp-content\/uploads\/2023\/12\/taller-225x300.jpg\" alt=\"\" width=\"225\" height=\"300\" srcset=\"https:\/\/centroportalasia.com\/PortalAsia\/wp-content\/uploads\/2023\/12\/taller-225x300.jpg 225w, https:\/\/centroportalasia.com\/PortalAsia\/wp-content\/uploads\/2023\/12\/taller-768x1024.jpg 768w, https:\/\/centroportalasia.com\/PortalAsia\/wp-content\/uploads\/2023\/12\/taller-1152x1536.jpg 1152w, https:\/\/centroportalasia.com\/PortalAsia\/wp-content\/uploads\/2023\/12\/taller-113x150.jpg 113w, https:\/\/centroportalasia.com\/PortalAsia\/wp-content\/uploads\/2023\/12\/taller.jpg 1500w\" sizes=\"auto, (max-width: 225px) 100vw, 225px\" \/><\/p>\n<h1 style=\"text-align: center;\">Intensivo Julio 2024<\/h1>\n<hr \/>\n<p><strong>CURSO INTENSIVO DE julio 2024<\/strong><\/p>\n<ul>\n<li>La duraci\u00f3n del curso es de UNA SEMANA. Va desde el d\u00eda 8 de enero (lunes) hasta el 13 de enero (s\u00e1bado) del 2024.<\/li>\n<\/ul>\n<p><strong>Interesados rellenar y enviar matr\u00edcula a <a href=\"mailto:info@centroportalasia.com\">info@centroportalasia.com<\/a><\/strong><\/p>\n<ul>\n<li>Matr\u00edcula a\u00fan no disponible.<\/li>\n<\/ul>\n<p><strong>A QUI\u00c9N VA DIRIGIDO: <\/strong><\/p>\n<p>A estudiantes que empiezan de cero o que se encuentran en el nivel uno. Y tambi\u00e9n a estudiantes que hayan cursado el intensivo de Julio o que est\u00e9n en fase de preparaci\u00f3n de TOPIK (examen oficial de coreano).<\/p>\n<p><strong>Total de horas <\/strong><\/p>\n<p>13 horas, de las cuales:<\/p>\n<p>2 horas (las del lunes 28 de Julio) son para la presentaci\u00f3n del curso, el programa, el reparto del material, prueba de nivel (en caso de ser necesario) y creaci\u00f3n de objetivos adaptados a cada estudiante.<\/p>\n<p>5 horas de Gram\u00e1tica, estructuras y vocabulario<\/p>\n<p>2 horas de pruebas de consolidaci\u00f3n ling\u00fc\u00edstica (mini- ex\u00e1menes) con sus respectivas correcciones<\/p>\n<p>2 horas de pruebas de audio<\/p>\n<p>2 horas de cultura coreana<\/p>\n<p><strong>HORARIO:<\/strong><\/p>\n<ul>\n<li>Lunes a viernes de 11h a 13h (ma\u00f1anas)<\/li>\n<\/ul>\n<p><strong>MATERIAL DE LA ESCUELA QUE ENTRA CON LA MATR\u00cdCULA<\/strong><\/p>\n<p>El programa del intensivo, el libro que se usar\u00e1 para hacer el curso, la libreta emblem\u00e1tica de la escuela y las fotocopias adicionales que formen parte del programa.<\/p>\n<p><strong>PRECIO<\/strong><\/p>\n<p>Para los <strong>NO ESTUDIANTES DE PORTAL ASIA<\/strong>: A\u00fan no disponible<strong><br \/>\n<\/strong><\/p>\n<p>Para los <strong>ESTUDIANTES DE PORTAL ASIA: A\u00fan no disponible <\/strong>\u00a0(<strong>este precio no excluye del deber de pagar la cuota mensual de estudiante, <\/strong>ya que <strong>el curso anual es independiente del intensivo<\/strong>.)<\/p>\n<p><strong>N\u00daMERO DE ASISTENTES: <\/strong><strong>M\u00c1XIMO 10 PERSONAS APUNTADAS EN LA MISMA FRANJA HORARIA. SI QUIERES AYUDAR A SU REALIZACI\u00d3N, NO DUDES EN COMPARTIR EL FLYER CON NUESTRA INFORMACI\u00d3N. <\/strong><\/p>\n<p><strong>SI DEBIDO AL COVID VOLVIERAN A PONER RESTRICCIONES QUE AFECTEN A LA PRESENCIALIDAD DEL CURSO, SE TRASLADAR\u00c1N TODAS LAS CLASES A LA PLATAFORMA ONLINE (ZOOM). SE MANENDR\u00c1 EL HORARIO Y EL PROFESORADO.\u00a0<\/strong><\/p>\n","protected":false},"excerpt":{"rendered":"<p>Semana Intensiva Enero 2024\u00a0\u00a0 La duraci\u00f3n del curso es de UNA SEMANA.\u00a0 Va desde el d\u00eda 8 de Enero (lunes) hasta el 13 de Enero (S\u00e1bado de 2024). Interesados rellenar y enviar matr\u00edcula a info@centroportalasia.com MATRICULA-semana-enero2024 A QUI\u00c9N VA DIRIGIDO: A estudiantes que empiezan de cero o que se encuentran \u2026 <a class=\"continue-reading-link\" href=\"https:\/\/centroportalasia.com\/PortalAsia\/intensivo-coreano\/\">Continuer \u00e0 lire <span class=\"meta-nav\">&rarr; <\/span><\/a><\/p>\n","protected":false},"author":2,"featured_media":0,"parent":0,"menu_order":0,"comment_status":"closed","ping_status":"closed","template":"templates\/template-onecolumn.php","meta":{"footnotes":""},"class_list":["post-53","page","type-page","status-publish","hentry"],"_links":{"self":[{"href":"https:\/\/centroportalasia.com\/PortalAsia\/wp-json\/wp\/v2\/pages\/53","targetHints":{"allow":["GET"]}}],"collection":[{"href":"https:\/\/centroportalasia.com\/PortalAsia\/wp-json\/wp\/v2\/pages"}],"about":[{"href":"https:\/\/centroportalasia.com\/PortalAsia\/wp-json\/wp\/v2\/types\/page"}],"author":[{"embeddable":true,"href":"https:\/\/centroportalasia.com\/PortalAsia\/wp-json\/wp\/v2\/users\/2"}],"replies":[{"embeddable":true,"href":"https:\/\/centroportalasia.com\/PortalAsia\/wp-json\/wp\/v2\/comments?post=53"}],"version-history":[{"count":40,"href":"https:\/\/centroportalasia.com\/PortalAsia\/wp-json\/wp\/v2\/pages\/53\/revisions"}],"predecessor-version":[{"id":478,"href":"https:\/\/centroportalasia.com\/PortalAsia\/wp-json\/wp\/v2\/pages\/53\/revisions\/478"}],"wp:attachment":[{"href":"https:\/\/centroportalasia.com\/PortalAsia\/wp-json\/wp\/v2\/media?parent=53"}],"curies":[{"name":"wp","href":"https:\/\/api.w.org\/{rel}","templated":true}]}}