{"id":62,"date":"2016-03-21T10:27:06","date_gmt":"2016-03-21T10:27:06","guid":{"rendered":"https:\/\/centroportalasia.com\/PortalAsia\/?page_id=62"},"modified":"2020-04-21T18:50:21","modified_gmt":"2020-04-21T18:50:21","slug":"speak-english-now","status":"publish","type":"page","link":"https:\/\/centroportalasia.com\/PortalAsia\/speak-english-now\/","title":{"rendered":"Speak English Now"},"content":{"rendered":"<h1 style=\"text-align: center;\">Clases de Ingl\u00e9s<\/h1>\n<h2><img loading=\"lazy\" decoding=\"async\" class=\"size-full wp-image-63 alignleft\" src=\"https:\/\/centroportalasia.com\/PortalAsia\/wp-content\/uploads\/2016\/03\/toeft-barcelona-clases.jpg\" alt=\"toeft-barcelona-clases\" width=\"298\" height=\"298\" srcset=\"https:\/\/centroportalasia.com\/PortalAsia\/wp-content\/uploads\/2016\/03\/toeft-barcelona-clases.jpg 298w, https:\/\/centroportalasia.com\/PortalAsia\/wp-content\/uploads\/2016\/03\/toeft-barcelona-clases-150x150.jpg 150w\" sizes=\"auto, (max-width: 298px) 100vw, 298px\" \/><\/h2>\n<h2 style=\"text-align: center;\">8 horas a la semana<\/h2>\n<p>\u00a1Inf\u00f3rmate ya! Llama al 660 26 90 27 y pide la primera lecci\u00f3n de prueba gratuita.<br \/>\nPrep\u00e1rate para el ex\u00e1men de Toefl, de First Certificate, de Advanced, de Cambridge.<br \/>\nTe preparamos desde cualquier nivel, desde la base hasta mejorar la fluidez. La matr\u00edcula te incluye: libro, libreta y carpeta y tu tarjeta para usar la sala de biblioteca, tenemos wifi. \u00a1No esperes m\u00e1s para estar preparado!<br \/>\nEstamos en la Calle \u00c1ngel Guimer\u00e1, 9, Hospitalet<br \/>\nde lunes a viernes desde las 4.30 y los s\u00e1bados de 10 de la<br \/>\nma\u00f1ana hasta las 2 de la tarde.<\/p>\n<h1><img loading=\"lazy\" decoding=\"async\" class=\"size-full wp-image-66 aligncenter\" src=\"https:\/\/centroportalasia.com\/PortalAsia\/wp-content\/uploads\/2016\/03\/TOEFL-estidiar-ingles-hospitalet.png\" alt=\"TOEFL-estidiar-ingles-hospitalet\" width=\"604\" height=\"270\" srcset=\"https:\/\/centroportalasia.com\/PortalAsia\/wp-content\/uploads\/2016\/03\/TOEFL-estidiar-ingles-hospitalet.png 604w, https:\/\/centroportalasia.com\/PortalAsia\/wp-content\/uploads\/2016\/03\/TOEFL-estidiar-ingles-hospitalet-300x134.png 300w, https:\/\/centroportalasia.com\/PortalAsia\/wp-content\/uploads\/2016\/03\/TOEFL-estidiar-ingles-hospitalet-250x112.png 250w, https:\/\/centroportalasia.com\/PortalAsia\/wp-content\/uploads\/2016\/03\/TOEFL-estidiar-ingles-hospitalet-150x67.png 150w\" sizes=\"auto, (max-width: 604px) 100vw, 604px\" \/><\/h1>\n","protected":false},"excerpt":{"rendered":"<p>Clases de Ingl\u00e9s 8 horas a la semana \u00a1Inf\u00f3rmate ya! Llama al 660 26 90 27 y pide la primera lecci\u00f3n de prueba gratuita. Prep\u00e1rate para el ex\u00e1men de Toefl, de First Certificate, de Advanced, de Cambridge. Te preparamos desde cualquier nivel, desde la base hasta mejorar la fluidez. La \u2026 <a class=\"continue-reading-link\" href=\"https:\/\/centroportalasia.com\/PortalAsia\/speak-english-now\/\">Continuer \u00e0 lire <span class=\"meta-nav\">&rarr; <\/span><\/a><\/p>\n","protected":false},"author":2,"featured_media":66,"parent":0,"menu_order":0,"comment_status":"closed","ping_status":"closed","template":"templates\/template-onecolumn.php","meta":{"footnotes":""},"class_list":["post-62","page","type-page","status-publish","has-post-thumbnail","hentry"],"_links":{"self":[{"href":"https:\/\/centroportalasia.com\/PortalAsia\/wp-json\/wp\/v2\/pages\/62","targetHints":{"allow":["GET"]}}],"collection":[{"href":"https:\/\/centroportalasia.com\/PortalAsia\/wp-json\/wp\/v2\/pages"}],"about":[{"href":"https:\/\/centroportalasia.com\/PortalAsia\/wp-json\/wp\/v2\/types\/page"}],"author":[{"embeddable":true,"href":"https:\/\/centroportalasia.com\/PortalAsia\/wp-json\/wp\/v2\/users\/2"}],"replies":[{"embeddable":true,"href":"https:\/\/centroportalasia.com\/PortalAsia\/wp-json\/wp\/v2\/comments?post=62"}],"version-history":[{"count":7,"href":"https:\/\/centroportalasia.com\/PortalAsia\/wp-json\/wp\/v2\/pages\/62\/revisions"}],"predecessor-version":[{"id":357,"href":"https:\/\/centroportalasia.com\/PortalAsia\/wp-json\/wp\/v2\/pages\/62\/revisions\/357"}],"wp:featuredmedia":[{"embeddable":true,"href":"https:\/\/centroportalasia.com\/PortalAsia\/wp-json\/wp\/v2\/media\/66"}],"wp:attachment":[{"href":"https:\/\/centroportalasia.com\/PortalAsia\/wp-json\/wp\/v2\/media?parent=62"}],"curies":[{"name":"wp","href":"https:\/\/api.w.org\/{rel}","templated":true}]}}