{"id":71,"date":"2016-03-21T10:36:07","date_gmt":"2016-03-21T10:36:07","guid":{"rendered":"https:\/\/centroportalasia.com\/PortalAsia\/?page_id=71"},"modified":"2023-12-13T16:02:18","modified_gmt":"2023-12-13T16:02:18","slug":"curso-de-coreano","status":"publish","type":"page","link":"https:\/\/centroportalasia.com\/PortalAsia\/curso-de-coreano\/","title":{"rendered":"Curso de Coreano"},"content":{"rendered":"<h1 style=\"text-align: center;\">Aprende Coreano<\/h1>\n<p><a href=\"https:\/\/centroportalasia.com\/PortalAsia\/wp-content\/uploads\/2016\/03\/escuela-de-coreano-2.jpg\" rel=\"attachment wp-att-100\"><img loading=\"lazy\" decoding=\"async\" class=\" wp-image-100 alignleft\" src=\"https:\/\/centroportalasia.com\/PortalAsia\/wp-content\/uploads\/2016\/03\/escuela-de-coreano-2.jpg\" alt=\"escuela de coreano-2\" width=\"368\" height=\"236\" srcset=\"https:\/\/centroportalasia.com\/PortalAsia\/wp-content\/uploads\/2016\/03\/escuela-de-coreano-2.jpg 449w, https:\/\/centroportalasia.com\/PortalAsia\/wp-content\/uploads\/2016\/03\/escuela-de-coreano-2-300x192.jpg 300w, https:\/\/centroportalasia.com\/PortalAsia\/wp-content\/uploads\/2016\/03\/escuela-de-coreano-2-234x150.jpg 234w, https:\/\/centroportalasia.com\/PortalAsia\/wp-content\/uploads\/2016\/03\/escuela-de-coreano-2-150x96.jpg 150w\" sizes=\"auto, (max-width: 368px) 100vw, 368px\" \/><\/a><\/p>\n<h3 style=\"text-align: justify;\">Vente y descubre Corea en nuestras clases de coreano, las clases son reducidas y los profesores nativos, puedes empezar desde cero o desde el nivel que tengas. Ofrecemos los seis niveles de coreano. Tambi\u00e9n orientados a la empresa. Te preparamos para el examen <strong>topik<\/strong>.<\/h3>\n<h3 style=\"text-align: justify;\">Intercambios: amigos de Corea vienen a visitarnos y a compartir con nosotros su idioma y su cultura.<\/h3>\n<h3 style=\"text-align: justify;\"><span style=\"color: #000000;\">Nota importante: tenemos wifi para que vengas a estudiar cuando necesites un &#8220;<a style=\"color: #000000;\" href=\"https:\/\/centroportalasia.com\/PortalAsia\/alquiler-salas-barcelona\/\" target=\"_blank\" rel=\"noopener noreferrer\">Oasis Urbano<\/a>&#8221; lejos del ruido y de las distracciones.<\/span><\/h3>\n<p>&nbsp;<\/p>\n<p>&nbsp;<\/p>\n<h1 style=\"text-align: center;\"><a href=\"https:\/\/centroportalasia.com\/PortalAsia\/wp-content\/uploads\/2016\/03\/Korean.Dance-Buchaechum.jpg\" target=\"_blank\" rel=\"attachment noopener wp-att-104 noreferrer\"><img loading=\"lazy\" decoding=\"async\" class=\"wp-image-104 alignright\" src=\"https:\/\/centroportalasia.com\/PortalAsia\/wp-content\/uploads\/2016\/03\/Korean.Dance-Buchaechum-1024x683.jpg\" alt=\"Korean.Dance-Buchaechum\" width=\"487\" height=\"324\" srcset=\"https:\/\/centroportalasia.com\/PortalAsia\/wp-content\/uploads\/2016\/03\/Korean.Dance-Buchaechum-1024x683.jpg 1024w, https:\/\/centroportalasia.com\/PortalAsia\/wp-content\/uploads\/2016\/03\/Korean.Dance-Buchaechum-300x200.jpg 300w, https:\/\/centroportalasia.com\/PortalAsia\/wp-content\/uploads\/2016\/03\/Korean.Dance-Buchaechum-768x512.jpg 768w, https:\/\/centroportalasia.com\/PortalAsia\/wp-content\/uploads\/2016\/03\/Korean.Dance-Buchaechum-225x150.jpg 225w, https:\/\/centroportalasia.com\/PortalAsia\/wp-content\/uploads\/2016\/03\/Korean.Dance-Buchaechum-150x100.jpg 150w\" sizes=\"auto, (max-width: 487px) 100vw, 487px\" \/><\/a>Descubre Corea a trav\u00e9s de los Talleres de Portal Asia<\/h1>\n<p>&nbsp;<\/p>\n<h3>Doramas, Arte, Folk Music, K-pop, Skin Care, Comida, Historia, Econom\u00eda, Pol\u00edtica y mucho m\u00e1s.\u00a0\u00bfConoces Corea?<\/h3>\n<h3>La Ola de K-pop se extiende por doquier, no obstante, Corea del Sur tiene mucho m\u00e1s que ofrecernos. En los Talleres de Cultura tendr\u00e1s la oportunidad de conocer el otro lado de Corea.<\/h3>\n<h3>Portal Asia en colaboraci\u00f3n con Han-A Catalu\u00f1a son las responsables de MerKpop, el primer mercadillo de intercambio y compraventa de material de Pop Coreano. S\u00edguenos en Facebook para saber cu\u00e1ndo lo hacemos. Cambia cada mes.<\/h3>\n<p>&nbsp;<\/p>\n<hr \/>\n<h1 style=\"text-align: left;\">Club de Literatura Coreana en Espa\u00f1ol<\/h1>\n<p>&nbsp;<\/p>\n<div id=\"attachment_204\" style=\"width: 259px\" class=\"wp-caption alignleft\"><a href=\"https:\/\/centroportalasia.com\/PortalAsia\/wp-content\/uploads\/2016\/03\/heloi.jpg\"><img loading=\"lazy\" decoding=\"async\" aria-describedby=\"caption-attachment-204\" class=\"wp-image-204 \" src=\"https:\/\/centroportalasia.com\/PortalAsia\/wp-content\/uploads\/2016\/03\/heloi-e1477498374990-300x169.jpg\" alt=\"Club de Literatura Coreana en Espa\u00f1ol\" width=\"249\" height=\"140\" srcset=\"https:\/\/centroportalasia.com\/PortalAsia\/wp-content\/uploads\/2016\/03\/heloi-e1477498374990-300x169.jpg 300w, https:\/\/centroportalasia.com\/PortalAsia\/wp-content\/uploads\/2016\/03\/heloi-e1477498374990-768x432.jpg 768w, https:\/\/centroportalasia.com\/PortalAsia\/wp-content\/uploads\/2016\/03\/heloi-e1477498374990-250x141.jpg 250w, https:\/\/centroportalasia.com\/PortalAsia\/wp-content\/uploads\/2016\/03\/heloi-e1477498374990-150x84.jpg 150w, https:\/\/centroportalasia.com\/PortalAsia\/wp-content\/uploads\/2016\/03\/heloi-e1477498374990.jpg 960w\" sizes=\"auto, (max-width: 249px) 100vw, 249px\" \/><\/a><p id=\"caption-attachment-204\" class=\"wp-caption-text\">Club de Literatura Coreana en Espa\u00f1ol<\/p><\/div>\n<h3 style=\"text-align: justify;\">Descubre a los autores coreanos m\u00e1s carism\u00e1ticos a trav\u00e9s de nuestro viaje literario con los libros donados por el Centro Cultural Coreano. Desde Barcelona les agradecemos de todo coraz\u00f3n su aportaci\u00f3n a este Club de la Literatura Coreana en Espa\u00f1ol -gratuito- en el cu\u00e1l los estudiantes de Portal Asia tienen la oportunidad de conocer de cerca las grandes historias que nos transportan a Corea en otros tiempos y nos hacen entender mejor la de la actualidad. Con poes\u00eda, prosa y ensayos de diferentes autores, esperamos despertar el inter\u00e9s de los j\u00f3venes coreanistas en el panorama cultural hist\u00f3rico pol\u00edtico.<\/h3>\n<hr \/>\n<h1>Material Incluido y Cuatro Niveles<\/h1>\n<h3><\/h3>\n<h3>En la matr\u00edcula, te entra el libro, la libreta, la carpeta y cual<a href=\"https:\/\/centroportalasia.com\/PortalAsia\/curso-de-coreano\/libreta\/\" rel=\"attachment wp-att-215\"><img loading=\"lazy\" decoding=\"async\" class=\" wp-image-215 alignright\" src=\"https:\/\/centroportalasia.com\/PortalAsia\/wp-content\/uploads\/2016\/03\/libreta-150x150.jpg\" alt=\"libreta\" width=\"122\" height=\"122\" \/><\/a><a href=\"https:\/\/centroportalasia.com\/PortalAsia\/curso-de-coreano\/jui\/\" rel=\"attachment wp-att-216\"><img loading=\"lazy\" decoding=\"async\" class=\"wp-image-216 alignleft\" src=\"https:\/\/centroportalasia.com\/PortalAsia\/wp-content\/uploads\/2016\/03\/jui-150x150.jpg\" alt=\"jui\" width=\"119\" height=\"119\" srcset=\"https:\/\/centroportalasia.com\/PortalAsia\/wp-content\/uploads\/2016\/03\/jui-150x150.jpg 150w, https:\/\/centroportalasia.com\/PortalAsia\/wp-content\/uploads\/2016\/03\/jui-300x300.jpg 300w, https:\/\/centroportalasia.com\/PortalAsia\/wp-content\/uploads\/2016\/03\/jui-768x768.jpg 768w, https:\/\/centroportalasia.com\/PortalAsia\/wp-content\/uploads\/2016\/03\/jui.jpg 960w\" sizes=\"auto, (max-width: 119px) 100vw, 119px\" \/><\/a>quier fotocopia adicional que vayas a necesitar.<\/h3>\n<h3 style=\"text-align: justify;\">No importa si empiezas de cero, o ya hablas bastante bien y necesitas practicar tu coreano, hay un sitio para t\u00ed.<\/h3>\n<h2 style=\"text-align: center;\">\u00a0Ven y Descubre Corea<\/h2>\n<h3 style=\"text-align: center;\"><\/h3>\n<h3 style=\"text-align: center;\">Comentario de la Directora<\/h3>\n<div id=\"attachment_218\" style=\"width: 205px\" class=\"wp-caption alignleft\"><a href=\"https:\/\/centroportalasia.com\/PortalAsia\/curso-de-coreano\/anabel\/\" rel=\"attachment wp-att-218\"><img loading=\"lazy\" decoding=\"async\" aria-describedby=\"caption-attachment-218\" class=\"wp-image-218 \" src=\"https:\/\/centroportalasia.com\/PortalAsia\/wp-content\/uploads\/2016\/03\/anabel-150x150.jpg\" alt=\"Anabel Guardia\" width=\"195\" height=\"195\" \/><\/a><p id=\"caption-attachment-218\" class=\"wp-caption-text\">Anabel Guardia<\/p><\/div>\n<h3 style=\"text-align: justify;\">Queridos padres:<br \/>\nLos idiomas asi\u00e1ticos son la clave del \u00e9xito. Si tus hijos ya tienen inter\u00e9s por ellos, sent\u00edos afortunados. Ya han marcado la diferencia, y aunque depende de ellos que se materialice en una herramienta \u00fatil con el tiempo, vosotros pod\u00e9is ayudarles impulsando el inter\u00e9s que tienen por el idioma, ya sea apunt\u00e1ndolos en una academia como compr\u00e1ndoles la m\u00fasica en el idioma que les gusta y facilit\u00e1ndoles el material did\u00e1ctico que necesitan.<br \/>\nY sobre todo, ofreced mucha estimulaci\u00f3n emocional a trav\u00e9s de la comprensi\u00f3n y el cari\u00f1o, en lugar de criticar o burlarse de sus gustos. Son \u00e9stos los que est\u00e1n marcando\u00a0su diferencia del resto, el cual se convertir\u00e1 con el tiempo en su competencia.<\/h3>\n<p>Anabel Guardia<br \/>\nDirectora de Portal Asia<\/p>\n<p>&nbsp;<\/p>\n<h2 style=\"text-align: center;\"><\/h2>\n<h2 style=\"text-align: center;\"><\/h2>\n<h2 style=\"text-align: center;\">Guia para los ex\u00e1menes Test of Proficiency inKorean (TOPIK)<br \/>\n\ud55c\uad6d\uc5b4\ub2a5\ub825\uc2dc\ud5d8<\/h2>\n<p style=\"text-align: justify;\">Orientaci\u00f3n sobre los examenes <strong>TOPIK 2024 y 2025 \ud55c\uad6d\uc5b4 \ub2a5\ub825 \uc2dc\ud5d8 \uc77c\uc815<\/strong><\/p>\n<ul>\n<li>Nivel 1 Lenguaje b\u00e1sico<\/li>\n<li>Nivel 2 Lenguaje para situaciones habituales<\/li>\n<li>Nivel 3 Lenguaje en servicios p\u00fablicos y relaciones sociales<\/li>\n<li>Nivel 4 Conversaci\u00f3n en el \u00e1mbito laboral, p\u00fablico y privado<\/li>\n<li>Nivel 5 Lenguaje profesional para trabajos especializados (Nivel 1)<\/li>\n<li>Nivel 6 Lenguaje profesional para trabajos especializados (Nivel 2)<\/li>\n<\/ul>\n<p><span class=\"\">Para aquellos que desean prepararse para el<\/span>\u00a0<span class=\"\">TOPIK<\/span> , por favor, cons\u00faltenos por email qu\u00e9 cursos tenemos para su preparaci\u00f3n<span class=\"\">.<\/span> Por favor, <span class=\"\">recuerde que usted debe<\/span> registrarse al menos un par de meses antes de <span class=\"\">la fecha del examen<\/span> <span class=\"\">real.<\/span><\/p>\n<p>Durante cuatro a\u00f1os hemos preparado a estudiantes para Topik con excelentes resultados.<\/p>\n<p>Debido a las actuales circunstancias, los ex\u00e1menes de Topik han sido cambiados de fecha, no obstante, seguimos preparando a los estudiantes con tanto entusiasmo como siempre, esforz\u00e1ndonos para verles alcanzar sus objetivos tanto personales como acad\u00e9micos y nos honra y satisface acompa\u00f1arles durante todo el recorrido hasta llegar a esta gran meta, que de seguro les abrir\u00e1 muchas puertas.<\/p>\n<p><strong>Talleres en Portal Asia\u00a0<\/strong><\/p>\n<div id=\"attachment_470\" style=\"width: 310px\" class=\"wp-caption alignnone\"><img loading=\"lazy\" decoding=\"async\" aria-describedby=\"caption-attachment-470\" class=\"size-medium wp-image-470\" src=\"https:\/\/centroportalasia.com\/PortalAsia\/wp-content\/uploads\/2023\/12\/web-pintar-300x225.jpg\" alt=\"Taller de Sakuras\" width=\"300\" height=\"225\" srcset=\"https:\/\/centroportalasia.com\/PortalAsia\/wp-content\/uploads\/2023\/12\/web-pintar-300x225.jpg 300w, https:\/\/centroportalasia.com\/PortalAsia\/wp-content\/uploads\/2023\/12\/web-pintar-1024x768.jpg 1024w, https:\/\/centroportalasia.com\/PortalAsia\/wp-content\/uploads\/2023\/12\/web-pintar-768x576.jpg 768w, https:\/\/centroportalasia.com\/PortalAsia\/wp-content\/uploads\/2023\/12\/web-pintar-1536x1152.jpg 1536w, https:\/\/centroportalasia.com\/PortalAsia\/wp-content\/uploads\/2023\/12\/web-pintar-150x113.jpg 150w, https:\/\/centroportalasia.com\/PortalAsia\/wp-content\/uploads\/2023\/12\/web-pintar-200x150.jpg 200w, https:\/\/centroportalasia.com\/PortalAsia\/wp-content\/uploads\/2023\/12\/web-pintar.jpg 2000w\" sizes=\"auto, (max-width: 300px) 100vw, 300px\" \/><p id=\"caption-attachment-470\" class=\"wp-caption-text\">En Corea del Sur la flor de sakura simboliza la pureza. Si te apetece ver los cerezos en flor cuando vayas a visitar Corea, ve a principios de abril.<\/p><\/div>\n<p>Dibujar sakuras ayuda a combatir el estr\u00e9s<\/p>\n<div id=\"attachment_472\" style=\"width: 235px\" class=\"wp-caption alignleft\"><img loading=\"lazy\" decoding=\"async\" aria-describedby=\"caption-attachment-472\" class=\"size-medium wp-image-472\" src=\"https:\/\/centroportalasia.com\/PortalAsia\/wp-content\/uploads\/2023\/12\/kimchi-225x300.jpg\" alt=\"Taller de Kimchi\" width=\"225\" height=\"300\" srcset=\"https:\/\/centroportalasia.com\/PortalAsia\/wp-content\/uploads\/2023\/12\/kimchi-225x300.jpg 225w, https:\/\/centroportalasia.com\/PortalAsia\/wp-content\/uploads\/2023\/12\/kimchi-768x1024.jpg 768w, https:\/\/centroportalasia.com\/PortalAsia\/wp-content\/uploads\/2023\/12\/kimchi-1152x1536.jpg 1152w, https:\/\/centroportalasia.com\/PortalAsia\/wp-content\/uploads\/2023\/12\/kimchi-113x150.jpg 113w, https:\/\/centroportalasia.com\/PortalAsia\/wp-content\/uploads\/2023\/12\/kimchi.jpg 1500w\" sizes=\"auto, (max-width: 225px) 100vw, 225px\" \/><p id=\"caption-attachment-472\" class=\"wp-caption-text\">Uno de nuetros talleres favoritos es el de Kimchi. F\u00e1cil de hacer y delicioso, es el alimento estrella en Corea del Sur<\/p><\/div>\n<p>&nbsp;<\/p>\n<p>&nbsp;<\/p>\n","protected":false},"excerpt":{"rendered":"<p>Aprende Coreano Vente y descubre Corea en nuestras clases de coreano, las clases son reducidas y los profesores nativos, puedes empezar desde cero o desde el nivel que tengas. Ofrecemos los seis niveles de coreano. Tambi\u00e9n orientados a la empresa. Te preparamos para el examen topik. Intercambios: amigos de Corea \u2026 <a class=\"continue-reading-link\" href=\"https:\/\/centroportalasia.com\/PortalAsia\/curso-de-coreano\/\">Continuer \u00e0 lire <span class=\"meta-nav\">&rarr; <\/span><\/a><\/p>\n","protected":false},"author":2,"featured_media":34,"parent":0,"menu_order":0,"comment_status":"closed","ping_status":"closed","template":"templates\/template-onecolumn.php","meta":{"footnotes":""},"class_list":["post-71","page","type-page","status-publish","has-post-thumbnail","hentry"],"_links":{"self":[{"href":"https:\/\/centroportalasia.com\/PortalAsia\/wp-json\/wp\/v2\/pages\/71","targetHints":{"allow":["GET"]}}],"collection":[{"href":"https:\/\/centroportalasia.com\/PortalAsia\/wp-json\/wp\/v2\/pages"}],"about":[{"href":"https:\/\/centroportalasia.com\/PortalAsia\/wp-json\/wp\/v2\/types\/page"}],"author":[{"embeddable":true,"href":"https:\/\/centroportalasia.com\/PortalAsia\/wp-json\/wp\/v2\/users\/2"}],"replies":[{"embeddable":true,"href":"https:\/\/centroportalasia.com\/PortalAsia\/wp-json\/wp\/v2\/comments?post=71"}],"version-history":[{"count":57,"href":"https:\/\/centroportalasia.com\/PortalAsia\/wp-json\/wp\/v2\/pages\/71\/revisions"}],"predecessor-version":[{"id":495,"href":"https:\/\/centroportalasia.com\/PortalAsia\/wp-json\/wp\/v2\/pages\/71\/revisions\/495"}],"wp:featuredmedia":[{"embeddable":true,"href":"https:\/\/centroportalasia.com\/PortalAsia\/wp-json\/wp\/v2\/media\/34"}],"wp:attachment":[{"href":"https:\/\/centroportalasia.com\/PortalAsia\/wp-json\/wp\/v2\/media?parent=71"}],"curies":[{"name":"wp","href":"https:\/\/api.w.org\/{rel}","templated":true}]}}