{"id":74,"date":"2016-03-21T10:36:24","date_gmt":"2016-03-21T10:36:24","guid":{"rendered":"https:\/\/centroportalasia.com\/PortalAsia\/?page_id=74"},"modified":"2020-04-21T18:49:40","modified_gmt":"2020-04-21T18:49:40","slug":"curso-de-japones","status":"publish","type":"page","link":"https:\/\/centroportalasia.com\/PortalAsia\/curso-de-japones\/","title":{"rendered":"Curso de Japon\u00e9s"},"content":{"rendered":"<p>\u00a1Ven de prueba gratu\u00edta a clase de Japon\u00e9s! Para m\u00e1s informaci\u00f3n contacta a info@centroportalasia.com o llama al 660 269 027 sin ning\u00fan compromiso.<\/p>\n<div id=\"attachment_196\" style=\"width: 538px\" class=\"wp-caption aligncenter\"><a href=\"https:\/\/centroportalasia.com\/PortalAsia\/curso-de-japones\/hello\/\"><img loading=\"lazy\" decoding=\"async\" aria-describedby=\"caption-attachment-196\" class=\"wp-image-196 size-full\" src=\"https:\/\/centroportalasia.com\/PortalAsia\/wp-content\/uploads\/2016\/03\/hello.jpg\" alt=\"Japon\u00e9s en Portal Asia \" width=\"528\" height=\"960\" srcset=\"https:\/\/centroportalasia.com\/PortalAsia\/wp-content\/uploads\/2016\/03\/hello.jpg 528w, https:\/\/centroportalasia.com\/PortalAsia\/wp-content\/uploads\/2016\/03\/hello-165x300.jpg 165w, https:\/\/centroportalasia.com\/PortalAsia\/wp-content\/uploads\/2016\/03\/hello-83x150.jpg 83w\" sizes=\"auto, (max-width: 528px) 100vw, 528px\" \/><\/a><p id=\"caption-attachment-196\" class=\"wp-caption-text\">Japon\u00e9s en Portal Asia<\/p><\/div>\n","protected":false},"excerpt":{"rendered":"<p>\u00a1Ven de prueba gratu\u00edta a clase de Japon\u00e9s! Para m\u00e1s informaci\u00f3n contacta a info@centroportalasia.com o llama al 660 269 027 sin ning\u00fan compromiso.<\/p>\n","protected":false},"author":2,"featured_media":19,"parent":0,"menu_order":0,"comment_status":"closed","ping_status":"closed","template":"templates\/template-onecolumn.php","meta":{"footnotes":""},"class_list":["post-74","page","type-page","status-publish","has-post-thumbnail","hentry"],"_links":{"self":[{"href":"https:\/\/centroportalasia.com\/PortalAsia\/wp-json\/wp\/v2\/pages\/74","targetHints":{"allow":["GET"]}}],"collection":[{"href":"https:\/\/centroportalasia.com\/PortalAsia\/wp-json\/wp\/v2\/pages"}],"about":[{"href":"https:\/\/centroportalasia.com\/PortalAsia\/wp-json\/wp\/v2\/types\/page"}],"author":[{"embeddable":true,"href":"https:\/\/centroportalasia.com\/PortalAsia\/wp-json\/wp\/v2\/users\/2"}],"replies":[{"embeddable":true,"href":"https:\/\/centroportalasia.com\/PortalAsia\/wp-json\/wp\/v2\/comments?post=74"}],"version-history":[{"count":7,"href":"https:\/\/centroportalasia.com\/PortalAsia\/wp-json\/wp\/v2\/pages\/74\/revisions"}],"predecessor-version":[{"id":376,"href":"https:\/\/centroportalasia.com\/PortalAsia\/wp-json\/wp\/v2\/pages\/74\/revisions\/376"}],"wp:featuredmedia":[{"embeddable":true,"href":"https:\/\/centroportalasia.com\/PortalAsia\/wp-json\/wp\/v2\/media\/19"}],"wp:attachment":[{"href":"https:\/\/centroportalasia.com\/PortalAsia\/wp-json\/wp\/v2\/media?parent=74"}],"curies":[{"name":"wp","href":"https:\/\/api.w.org\/{rel}","templated":true}]}}