{"id":83,"date":"2016-03-21T10:39:40","date_gmt":"2016-03-21T10:39:40","guid":{"rendered":"https:\/\/centroportalasia.com\/PortalAsia\/?page_id=83"},"modified":"2024-04-03T08:41:19","modified_gmt":"2024-04-03T08:41:19","slug":"talleres","status":"publish","type":"page","link":"https:\/\/centroportalasia.com\/PortalAsia\/talleres\/","title":{"rendered":"Talleres"},"content":{"rendered":"<h1 style=\"text-align: center;\">Talleres Centro Portal Asia<\/h1>\n<div class=\"detail-header\">\n<div class=\"title-pretitle\">\n<h1 class=\"title\">Confer\u00e8ncia: Drets Humans de les dones a la Xina i a Corea 08\/04\/2024, a les 18.30h.<a href=\"https:\/\/www.icab.es\/ca\/formacio\/cursos\/Conferencia-Drets-humans-de-les-dones-a-la-Xina-i-Corea\/\"><img loading=\"lazy\" decoding=\"async\" class=\"alignleft wp-image-501\" src=\"https:\/\/centroportalasia.com\/PortalAsia\/wp-content\/uploads\/2024\/04\/GJwLFnYWEAEPC8K.jpg\" alt=\"\" width=\"318\" height=\"254\" srcset=\"https:\/\/centroportalasia.com\/PortalAsia\/wp-content\/uploads\/2024\/04\/GJwLFnYWEAEPC8K.jpg 680w, https:\/\/centroportalasia.com\/PortalAsia\/wp-content\/uploads\/2024\/04\/GJwLFnYWEAEPC8K-300x240.jpg 300w, https:\/\/centroportalasia.com\/PortalAsia\/wp-content\/uploads\/2024\/04\/GJwLFnYWEAEPC8K-150x120.jpg 150w, https:\/\/centroportalasia.com\/PortalAsia\/wp-content\/uploads\/2024\/04\/GJwLFnYWEAEPC8K-188x150.jpg 188w\" sizes=\"auto, (max-width: 318px) 100vw, 318px\" \/><\/a><\/h1>\n<\/div>\n<\/div>\n<div class=\"detail-body first-letter-normal\">\n<p><strong>PRESENTA:<\/strong><\/p>\n<ul>\n<li><a href=\"https:\/\/emmahlawyers.pro\/\">Emma Hakobyan<\/a>, Vicepresidenta de la Comissi\u00f3 de <a href=\"https:\/\/www.icab.es\/es\/colegio\/comisiones-y-secciones\/comite\/Comision-de-Justicia-Penal-Internacional-y-Derechos-Humanos\/\">DPI i DDHH de l\u2019ICAB<\/a>.<\/li>\n<\/ul>\n<p><strong>PONENT:<\/strong><\/p>\n<ul>\n<li>Dra. <a href=\"https:\/\/korexexperience.com\/quienes-somos\/\">Ana Belinda Gu\u00e0rdia Fern\u00e1ndez<\/a>, Directora de<a href=\"https:\/\/centroportalasia.com\/PortalAsia\/\"> Portal \u00c0sia<\/a>, doctoranda i professora en la UB i negociadora ADR del <a href=\"https:\/\/overseas.mofa.go.kr\/es-barcelona-es\/index.do\">consolat de Corea del Sud a Barcelona<\/a>.<\/li>\n<\/ul>\n<p><strong>MODERA:<\/strong><\/p>\n<ul>\n<li>David Querol S\u00e1nchez, President de la Comissi\u00f3 de DPI i DDHH de l\u2019ICAB.<\/li>\n<\/ul>\n<p><em>Durant l&#8217;acte es realitzar\u00e0 un sorteig entre els assistents a la confer\u00e8ncia d\u2019un CD de musica coreana.<\/em><\/p>\n<\/div>\n<ul>\n<li>Aula 65 de l&#8217;ICAB (6\u00aa planta)<\/li>\n<\/ul>\n<p><a href=\"https:\/\/www.icab.es\/ca\/formacio\/cursos\/Conferencia-Drets-humans-de-les-dones-a-la-Xina-i-Corea\/\"><img loading=\"lazy\" decoding=\"async\" class=\"aligncenter wp-image-507 size-full\" src=\"https:\/\/centroportalasia.com\/PortalAsia\/wp-content\/uploads\/2024\/04\/Screenshot-2024-04-03-at-10-35-41-Conferencia-Drets-Humans-de-les-dones-a-la-Xina-i-a-Corea.png\" alt=\"\" width=\"415\" height=\"53\" srcset=\"https:\/\/centroportalasia.com\/PortalAsia\/wp-content\/uploads\/2024\/04\/Screenshot-2024-04-03-at-10-35-41-Conferencia-Drets-Humans-de-les-dones-a-la-Xina-i-a-Corea.png 415w, https:\/\/centroportalasia.com\/PortalAsia\/wp-content\/uploads\/2024\/04\/Screenshot-2024-04-03-at-10-35-41-Conferencia-Drets-Humans-de-les-dones-a-la-Xina-i-a-Corea-300x38.png 300w, https:\/\/centroportalasia.com\/PortalAsia\/wp-content\/uploads\/2024\/04\/Screenshot-2024-04-03-at-10-35-41-Conferencia-Drets-Humans-de-les-dones-a-la-Xina-i-a-Corea-150x19.png 150w, https:\/\/centroportalasia.com\/PortalAsia\/wp-content\/uploads\/2024\/04\/Screenshot-2024-04-03-at-10-35-41-Conferencia-Drets-Humans-de-les-dones-a-la-Xina-i-a-Corea-250x32.png 250w\" sizes=\"auto, (max-width: 415px) 100vw, 415px\" \/><\/a><\/p>\n<h2 style=\"text-align: center;\">Centro Portal Asia organiza regularmente Talleres de promoci\u00f3n de las Culturas asiaticas<\/h2>\n<p style=\"text-align: justify;\">Centro Portal Asia. Centro Privado de estudios orientales organiza periodicamente actos y talleres para promocionar<img loading=\"lazy\" decoding=\"async\" class=\"alignright wp-image-143\" src=\"https:\/\/centroportalasia.com\/PortalAsia\/wp-content\/uploads\/2016\/03\/centroportalasia_aprender_coreano_barcelona-300x171.jpg\" alt=\"centroportalasia_aprender_coreano_barcelona\" width=\"600\" height=\"341\" srcset=\"https:\/\/centroportalasia.com\/PortalAsia\/wp-content\/uploads\/2016\/03\/centroportalasia_aprender_coreano_barcelona-300x171.jpg 300w, https:\/\/centroportalasia.com\/PortalAsia\/wp-content\/uploads\/2016\/03\/centroportalasia_aprender_coreano_barcelona-768x437.jpg 768w, https:\/\/centroportalasia.com\/PortalAsia\/wp-content\/uploads\/2016\/03\/centroportalasia_aprender_coreano_barcelona-250x142.jpg 250w, https:\/\/centroportalasia.com\/PortalAsia\/wp-content\/uploads\/2016\/03\/centroportalasia_aprender_coreano_barcelona-150x85.jpg 150w, https:\/\/centroportalasia.com\/PortalAsia\/wp-content\/uploads\/2016\/03\/centroportalasia_aprender_coreano_barcelona.jpg 960w\" sizes=\"auto, (max-width: 600px) 100vw, 600px\" \/> y acercarnos la cultura de estas lejanas tierras. Estos talleres son creados para dar a conocer principalmente los distintos aspectos de Corea del Sur, Jap\u00f3 y China. Sus costumbres, m\u00fasica, pol\u00edtica, historia\u2026<\/p>\n<p style=\"text-align: justify;\">El objetivo principal de estos talleres organizados por Centro Portal Asia es crear eventos y talleres para conseguir expandir y dar a conocer la cultura coreana, japonesa y china en Espa\u00f1a.<\/p>\n<p style=\"text-align: justify;\">Disfruta de todas las actividades que implica formar parte de nuestro centro, con tu tarjeta de miembro puedes tener descuento en todas las actividades culturales que se realizan en el centro, puedes acceder a nuestra biblioteca, con wifi, y participar en todos los seminarios que se realizan durante el curso, incluyendo intercambios con amigos de Corea, China y Jap\u00f3n que vienen a visitarnos.<\/p>\n<p style=\"text-align: justify;\">No te pierdas los talleres de Portal Asia: Seminarios, talleres de historia, de cultura, de belleza, de comida, y mucho m\u00e1s. \u00a1Para m\u00e1s informaci\u00f3n, vis\u00edtanos! Estamos en Portal Asia, en la\u00a0Calle \u00c1ngel Guimer\u00e1 n9, Hospitalet de lunes a viernes desde las 4.30 y los s\u00e1bados de 10 de la\u00a0ma\u00f1ana a 2 de la tarde.<\/p>\n<p>Nuestra sala oriental est\u00e1 disponible para realizar cualquier tipo de eventos. Para consultar precios llama al 660 26 90 27.<\/p>\n<h2>Korean Skin Care &#8211; Taller Esecial del Cuidado de la Piel con Cremas Coreanas<\/h2>\n<div id=\"attachment_120\" style=\"width: 348px\" class=\"wp-caption alignright\"><a href=\"https:\/\/centroportalasia.com\/PortalAsia\/wp-content\/uploads\/2016\/03\/Korean_Skin_Care_tratamiento_piel_coreano_centro_portal_asia-2.jpg\" rel=\"attachment wp-att-120\"><img loading=\"lazy\" decoding=\"async\" aria-describedby=\"caption-attachment-120\" class=\"wp-image-120\" src=\"https:\/\/centroportalasia.com\/PortalAsia\/wp-content\/uploads\/2016\/03\/Korean_Skin_Care_tratamiento_piel_coreano_centro_portal_asia-2-169x300.jpg\" alt=\"Korean_Skin_Care_tratamiento_piel_coreano_centro_portal_asia-2\" width=\"338\" height=\"600\" srcset=\"https:\/\/centroportalasia.com\/PortalAsia\/wp-content\/uploads\/2016\/03\/Korean_Skin_Care_tratamiento_piel_coreano_centro_portal_asia-2-169x300.jpg 169w, https:\/\/centroportalasia.com\/PortalAsia\/wp-content\/uploads\/2016\/03\/Korean_Skin_Care_tratamiento_piel_coreano_centro_portal_asia-2-576x1024.jpg 576w, https:\/\/centroportalasia.com\/PortalAsia\/wp-content\/uploads\/2016\/03\/Korean_Skin_Care_tratamiento_piel_coreano_centro_portal_asia-2-84x150.jpg 84w, https:\/\/centroportalasia.com\/PortalAsia\/wp-content\/uploads\/2016\/03\/Korean_Skin_Care_tratamiento_piel_coreano_centro_portal_asia-2.jpg 747w\" sizes=\"auto, (max-width: 338px) 100vw, 338px\" \/><\/a><p id=\"caption-attachment-120\" class=\"wp-caption-text\">Nuestra Sta. Kim presentando las Cremas Coreanas y empezando el Taller de KSC<\/p><\/div>\n<div id=\"attachment_119\" style=\"width: 610px\" class=\"wp-caption alignleft\"><a href=\"https:\/\/centroportalasia.com\/PortalAsia\/wp-content\/uploads\/2016\/03\/Korean_Skin_Care_tratamiento_piel_coreano_centro_portal_asia.jpg\" rel=\"attachment wp-att-119\"><img loading=\"lazy\" decoding=\"async\" aria-describedby=\"caption-attachment-119\" class=\"wp-image-119\" src=\"https:\/\/centroportalasia.com\/PortalAsia\/wp-content\/uploads\/2016\/03\/Korean_Skin_Care_tratamiento_piel_coreano_centro_portal_asia-300x169.jpg\" alt=\"Korean_Skin_Care_tratamiento_piel_coreano_centro_portal_asia\" width=\"600\" height=\"338\" srcset=\"https:\/\/centroportalasia.com\/PortalAsia\/wp-content\/uploads\/2016\/03\/Korean_Skin_Care_tratamiento_piel_coreano_centro_portal_asia-300x169.jpg 300w, https:\/\/centroportalasia.com\/PortalAsia\/wp-content\/uploads\/2016\/03\/Korean_Skin_Care_tratamiento_piel_coreano_centro_portal_asia-768x432.jpg 768w, https:\/\/centroportalasia.com\/PortalAsia\/wp-content\/uploads\/2016\/03\/Korean_Skin_Care_tratamiento_piel_coreano_centro_portal_asia-1024x576.jpg 1024w, https:\/\/centroportalasia.com\/PortalAsia\/wp-content\/uploads\/2016\/03\/Korean_Skin_Care_tratamiento_piel_coreano_centro_portal_asia-250x141.jpg 250w, https:\/\/centroportalasia.com\/PortalAsia\/wp-content\/uploads\/2016\/03\/Korean_Skin_Care_tratamiento_piel_coreano_centro_portal_asia-150x84.jpg 150w, https:\/\/centroportalasia.com\/PortalAsia\/wp-content\/uploads\/2016\/03\/Korean_Skin_Care_tratamiento_piel_coreano_centro_portal_asia.jpg 1328w\" sizes=\"auto, (max-width: 600px) 100vw, 600px\" \/><\/a><p id=\"caption-attachment-119\" class=\"wp-caption-text\">Nos vino a visitar el Presidente de la asociaci\u00f3n de Coreanos de Catalunya. Un honor haberle tenido con nosotras \u00a1Gracias por su visita!<\/p><\/div>\n","protected":false},"excerpt":{"rendered":"<p>Talleres Centro Portal Asia Confer\u00e8ncia: Drets Humans de les dones a la Xina i a Corea 08\/04\/2024, a les 18.30h. PRESENTA: Emma Hakobyan, Vicepresidenta de la Comissi\u00f3 de DPI i DDHH de l\u2019ICAB. PONENT: Dra. Ana Belinda Gu\u00e0rdia Fern\u00e1ndez, Directora de Portal \u00c0sia, doctoranda i professora en la UB i \u2026 <a class=\"continue-reading-link\" href=\"https:\/\/centroportalasia.com\/PortalAsia\/talleres\/\">Continuer \u00e0 lire <span class=\"meta-nav\">&rarr; <\/span><\/a><\/p>\n","protected":false},"author":2,"featured_media":30,"parent":0,"menu_order":0,"comment_status":"closed","ping_status":"closed","template":"templates\/template-onecolumn.php","meta":{"footnotes":""},"class_list":["post-83","page","type-page","status-publish","has-post-thumbnail","hentry"],"_links":{"self":[{"href":"https:\/\/centroportalasia.com\/PortalAsia\/wp-json\/wp\/v2\/pages\/83","targetHints":{"allow":["GET"]}}],"collection":[{"href":"https:\/\/centroportalasia.com\/PortalAsia\/wp-json\/wp\/v2\/pages"}],"about":[{"href":"https:\/\/centroportalasia.com\/PortalAsia\/wp-json\/wp\/v2\/types\/page"}],"author":[{"embeddable":true,"href":"https:\/\/centroportalasia.com\/PortalAsia\/wp-json\/wp\/v2\/users\/2"}],"replies":[{"embeddable":true,"href":"https:\/\/centroportalasia.com\/PortalAsia\/wp-json\/wp\/v2\/comments?post=83"}],"version-history":[{"count":18,"href":"https:\/\/centroportalasia.com\/PortalAsia\/wp-json\/wp\/v2\/pages\/83\/revisions"}],"predecessor-version":[{"id":511,"href":"https:\/\/centroportalasia.com\/PortalAsia\/wp-json\/wp\/v2\/pages\/83\/revisions\/511"}],"wp:featuredmedia":[{"embeddable":true,"href":"https:\/\/centroportalasia.com\/PortalAsia\/wp-json\/wp\/v2\/media\/30"}],"wp:attachment":[{"href":"https:\/\/centroportalasia.com\/PortalAsia\/wp-json\/wp\/v2\/media?parent=83"}],"curies":[{"name":"wp","href":"https:\/\/api.w.org\/{rel}","templated":true}]}}