{"id":10,"date":"2025-12-22T22:27:09","date_gmt":"2025-12-22T22:27:09","guid":{"rendered":"https:\/\/centroportalasia.com\/corea\/?page_id=10"},"modified":"2026-02-09T15:18:09","modified_gmt":"2026-02-09T15:18:09","slug":"contacto-2","status":"publish","type":"page","link":"https:\/\/centroportalasia.com\/corea\/contacto-2\/","title":{"rendered":"Contacto"},"content":{"rendered":"\n<div class=\"wp-block-group alignfull has-global-padding is-layout-constrained wp-container-core-group-is-layout-19e250f3 wp-block-group-is-layout-constrained\">\n<div class=\"wp-block-columns alignfull are-vertically-aligned-center has-light-background-background-color has-background is-layout-flex wp-container-core-columns-is-layout-dd282781 wp-block-columns-is-layout-flex\" style=\"padding-top:0;padding-right:0;padding-bottom:0;padding-left:0\">\n<div class=\"wp-block-column is-vertically-aligned-center map-grayscale is-layout-flow wp-block-column-is-layout-flow\" style=\"flex-basis:50%\">\n<figure class=\"wp-block-image size-full\"><img loading=\"lazy\" decoding=\"async\" width=\"1500\" height=\"818\" src=\"https:\/\/centroportalasia.com\/corea\/wp-content\/uploads\/2026\/02\/CEntroPortalAsia001.jpg\" alt=\"\" class=\"wp-image-86\" srcset=\"https:\/\/centroportalasia.com\/corea\/wp-content\/uploads\/2026\/02\/CEntroPortalAsia001.jpg 1500w, https:\/\/centroportalasia.com\/corea\/wp-content\/uploads\/2026\/02\/CEntroPortalAsia001-300x164.jpg 300w, https:\/\/centroportalasia.com\/corea\/wp-content\/uploads\/2026\/02\/CEntroPortalAsia001-1024x558.jpg 1024w\" sizes=\"auto, (max-width: 1500px) 100vw, 1500px\" \/><\/figure>\n<\/div>\n\n\n\n<div class=\"wp-block-column is-vertically-aligned-center is-layout-flow wp-block-column-is-layout-flow\" style=\"padding-top:var(--wp--preset--spacing--small);padding-right:var(--wp--preset--spacing--small);padding-bottom:var(--wp--preset--spacing--small);padding-left:2%;flex-basis:50%\">\n<h3 class=\"wp-block-heading has-large-font-size\">Centro de investigaci\u00f3n Coreana en Catalu\u00f1a<\/h3>\n\n\n\n<p><\/p>\n\n\n\n<h3 class=\"wp-block-heading\">Consultor\u00eda y repositorio de investigaci\u00f3n en el \u00e1mbito asi\u00e1tico TR TFG TFM<\/h3>\n\n\n\n<h3 class=\"wp-block-heading\"><strong>Email<\/strong><\/h3>\n\n\n\n<p><strong>Contacto<\/strong><br>email: info@centroportalasia.com<br>Tf: +34 660 269 027<br>Barcelona<\/p>\n\n\n\n<p><br><strong>Horas<\/strong><br>Lunes a viernes: de 9:00 a 17:00 h.<\/p>\n<\/div>\n<\/div>\n<\/div>\n\n\n\n<p><\/p>\n","protected":false},"excerpt":{"rendered":"<p>Centro de investigaci\u00f3n Coreana en Catalu\u00f1a Consultor\u00eda y repositorio de investigaci\u00f3n en el \u00e1mbito asi\u00e1tico TR TFG TFM Email Contactoemail: info@centroportalasia.comTf: +34 660 269 027Barcelona HorasLunes a viernes: de 9:00 a 17:00 h.<\/p>\n","protected":false},"author":1,"featured_media":89,"parent":0,"menu_order":0,"comment_status":"closed","ping_status":"closed","template":"","meta":{"inspiro_hide_title":false,"footnotes":""},"class_list":["post-10","page","type-page","status-publish","has-post-thumbnail","hentry"],"_links":{"self":[{"href":"https:\/\/centroportalasia.com\/corea\/wp-json\/wp\/v2\/pages\/10","targetHints":{"allow":["GET"]}}],"collection":[{"href":"https:\/\/centroportalasia.com\/corea\/wp-json\/wp\/v2\/pages"}],"about":[{"href":"https:\/\/centroportalasia.com\/corea\/wp-json\/wp\/v2\/types\/page"}],"author":[{"embeddable":true,"href":"https:\/\/centroportalasia.com\/corea\/wp-json\/wp\/v2\/users\/1"}],"replies":[{"embeddable":true,"href":"https:\/\/centroportalasia.com\/corea\/wp-json\/wp\/v2\/comments?post=10"}],"version-history":[{"count":17,"href":"https:\/\/centroportalasia.com\/corea\/wp-json\/wp\/v2\/pages\/10\/revisions"}],"predecessor-version":[{"id":150,"href":"https:\/\/centroportalasia.com\/corea\/wp-json\/wp\/v2\/pages\/10\/revisions\/150"}],"wp:featuredmedia":[{"embeddable":true,"href":"https:\/\/centroportalasia.com\/corea\/wp-json\/wp\/v2\/media\/89"}],"wp:attachment":[{"href":"https:\/\/centroportalasia.com\/corea\/wp-json\/wp\/v2\/media?parent=10"}],"curies":[{"name":"wp","href":"https:\/\/api.w.org\/{rel}","templated":true}]}}