{"id":8,"date":"2025-12-22T22:27:09","date_gmt":"2025-12-22T22:27:09","guid":{"rendered":"https:\/\/centroportalasia.com\/corea\/?page_id=8"},"modified":"2026-02-09T15:40:14","modified_gmt":"2026-02-09T15:40:14","slug":"pagina-de-inicio","status":"publish","type":"page","link":"https:\/\/centroportalasia.com\/corea\/","title":{"rendered":"Korea"},"content":{"rendered":"\n<div class=\"wp-block-group has-global-padding is-layout-constrained wp-block-group-is-layout-constrained\">\n<div style=\"height:57px\" aria-hidden=\"true\" class=\"wp-block-spacer\"><\/div>\n\n\n\n<h2 class=\"wp-block-heading has-text-align-center has-medium-font-size\" style=\"letter-spacing:1px\">Encontrar\u00e1s contenidos divulgativos y an\u00e1lisis sobre Asia, con especial atenci\u00f3n a Corea, Jap\u00f3n y China.<\/h2>\n\n\n\n<p class=\"has-text-align-center\">En Portal Asia encontrar\u00e1s contenidos divulgativos y an\u00e1lisis sobre Asia, con especial atenci\u00f3n a Corea, Jap\u00f3n y China, dirigidos al p\u00fablico espa\u00f1ol, presentados de manera accesible, rigurosa y culturalmente enriquecedora.<\/p>\n\n\n\n<div class=\"wp-block-buttons is-horizontal is-content-justification-center is-layout-flex wp-container-core-buttons-is-layout-03627597 wp-block-buttons-is-layout-flex\">\n<div class=\"wp-block-button is-style-outline is-style-outline--1\"><a class=\"wp-block-button__link has-small-font-size has-custom-font-size wp-element-button\" href=\"#\" style=\"border-radius:0px\">Sigamos<\/a><\/div>\n<\/div>\n\n\n\n<div style=\"height:57px\" aria-hidden=\"true\" class=\"wp-block-spacer\"><\/div>\n<\/div>\n\n\n\n<div id=\"services\" class=\"wp-block-group alignfull pattern_multiple_covers has-background has-global-padding is-layout-constrained wp-block-group-is-layout-constrained\">\n<div style=\"height:84px\" aria-hidden=\"true\" class=\"wp-block-spacer\"><\/div>\n\n\n\n<p class=\"has-text-align-left has-secondary-color has-text-color\" style=\"letter-spacing:1px\">LET&#8217;S WORK TOGETHER!<\/p>\n\n\n\n<h2 class=\"wp-block-heading has-text-align-left\"><strong>Charlas, seminarios y conferencias<\/strong><\/h2>\n\n\n\n<p class=\"has-text-align-left\"><em>\u201cEl amor por la cultura es un valor aut\u00f3nomo: no requiere justificaci\u00f3n, pues su existencia se legitima por su propia riqueza.\u201d<\/em><\/p>\n\n\n\n<p class=\"has-text-align-left\">Portal Asia tambi\u00e9n es un espacio de encuentro intelectual. Nuestro objetivo es informar sobre actividades formativas de calidad, con un enfoque comparado y acad\u00e9mico..<\/p>\n\n\n\n<div style=\"height:46px\" aria-hidden=\"true\" class=\"wp-block-spacer\"><\/div>\n\n\n\n<div class=\"wp-block-columns is-layout-flex wp-container-core-columns-is-layout-28f84493 wp-block-columns-is-layout-flex\">\n<div class=\"wp-block-column is-layout-flow wp-block-column-is-layout-flow\" style=\"padding-top:0;padding-right:0;padding-bottom:0;padding-left:0\">\n<div class=\"wp-block-cover has-custom-content-position is-position-bottom-left\" style=\"padding-top:var(--wp--preset--spacing--small);padding-right:var(--wp--preset--spacing--x-small);padding-bottom:var(--wp--preset--spacing--small);padding-left:var(--wp--preset--spacing--x-small)\"><img loading=\"lazy\" decoding=\"async\" width=\"605\" height=\"378\" class=\"wp-block-cover__image-background wp-image-33 size-full\" alt=\"\" src=\"https:\/\/centroportalasia.com\/corea\/wp-content\/uploads\/2025\/12\/bresa01.jpg\" data-object-fit=\"cover\" srcset=\"https:\/\/centroportalasia.com\/corea\/wp-content\/uploads\/2025\/12\/bresa01.jpg 605w, https:\/\/centroportalasia.com\/corea\/wp-content\/uploads\/2025\/12\/bresa01-300x187.jpg 300w\" sizes=\"auto, (max-width: 605px) 100vw, 605px\" \/><span aria-hidden=\"true\" class=\"wp-block-cover__background has-primary-background-color has-background-dim-70 has-background-dim\"><\/span><div class=\"wp-block-cover__inner-container is-layout-flow wp-block-cover-is-layout-flow\">\n<h3 class=\"wp-block-heading has-white-color has-text-color has-medium-font-size\" style=\"margin-top:0;margin-right:0;margin-bottom:0;margin-left:0\"><strong>Brecha salarial por motivo de g\u00e9nero: Espa\u00f1a\u2013Corea<\/strong><\/h3>\n\n\n\n<p class=\"has-secondary-color has-text-color has-link-color wp-elements-ef3dc489003df6053ed1d645723893fa\" style=\"margin-top:0;margin-right:0;margin-bottom:0;margin-left:0\"><a href=\"#\"><em>Instituto Cervantes (Madrid), 2024.<\/em> \u2192<\/a><\/p>\n<\/div><\/div>\n<\/div>\n\n\n\n<div class=\"wp-block-column is-layout-flow wp-block-column-is-layout-flow\" style=\"padding-top:0;padding-right:0;padding-bottom:0;padding-left:0\">\n<div class=\"wp-block-cover has-custom-content-position is-position-bottom-left\" style=\"padding-top:var(--wp--preset--spacing--small);padding-right:var(--wp--preset--spacing--x-small);padding-bottom:var(--wp--preset--spacing--small);padding-left:var(--wp--preset--spacing--x-small)\"><img loading=\"lazy\" decoding=\"async\" width=\"1024\" height=\"537\" class=\"wp-block-cover__image-background wp-image-32 size-large\" alt=\"\" src=\"https:\/\/centroportalasia.com\/corea\/wp-content\/uploads\/2025\/12\/pyl0lvkgo9a17kpaf2b49tb5mdrabhfx-1024x537.webp\" data-object-fit=\"cover\" srcset=\"https:\/\/centroportalasia.com\/corea\/wp-content\/uploads\/2025\/12\/pyl0lvkgo9a17kpaf2b49tb5mdrabhfx-1024x537.webp 1024w, https:\/\/centroportalasia.com\/corea\/wp-content\/uploads\/2025\/12\/pyl0lvkgo9a17kpaf2b49tb5mdrabhfx-300x157.webp 300w, https:\/\/centroportalasia.com\/corea\/wp-content\/uploads\/2025\/12\/pyl0lvkgo9a17kpaf2b49tb5mdrabhfx.webp 1280w\" sizes=\"auto, (max-width: 1024px) 100vw, 1024px\" \/><span aria-hidden=\"true\" class=\"wp-block-cover__background has-primary-background-color has-background-dim-70 has-background-dim\"><\/span><div class=\"wp-block-cover__inner-container is-layout-flow wp-block-cover-is-layout-flow\">\n<h3 class=\"wp-block-heading has-white-color has-text-color has-medium-font-size\" style=\"margin-top:0;margin-right:0;margin-bottom:0;margin-left:0\"><strong>Historia de Corea en el \u00e1mbito laboral<\/strong><\/h3>\n\n\n\n<p class=\"has-secondary-color has-text-color has-link-color wp-elements-983640631ba7df20070618b56e1bb73c\" style=\"margin-top:0;margin-right:0;margin-bottom:0;margin-left:0\"><a href=\"#\"><em>ICAB (Barcelona)<\/em> \u2192<\/a><\/p>\n<\/div><\/div>\n<\/div>\n\n\n\n<div class=\"wp-block-column is-layout-flow wp-block-column-is-layout-flow\" style=\"padding-top:0;padding-right:0;padding-bottom:0;padding-left:0\">\n<div class=\"wp-block-cover has-custom-content-position is-position-bottom-left\" style=\"padding-top:var(--wp--preset--spacing--small);padding-right:var(--wp--preset--spacing--x-small);padding-bottom:var(--wp--preset--spacing--small);padding-left:var(--wp--preset--spacing--x-small)\"><img loading=\"lazy\" decoding=\"async\" width=\"567\" height=\"471\" class=\"wp-block-cover__image-background wp-image-31 size-full\" alt=\"\" src=\"https:\/\/centroportalasia.com\/corea\/wp-content\/uploads\/2025\/12\/img_6422c7204a31c.png\" data-object-fit=\"cover\" srcset=\"https:\/\/centroportalasia.com\/corea\/wp-content\/uploads\/2025\/12\/img_6422c7204a31c.png 567w, https:\/\/centroportalasia.com\/corea\/wp-content\/uploads\/2025\/12\/img_6422c7204a31c-300x249.png 300w\" sizes=\"auto, (max-width: 567px) 100vw, 567px\" \/><span aria-hidden=\"true\" class=\"wp-block-cover__background has-primary-background-color has-background-dim-70 has-background-dim\"><\/span><div class=\"wp-block-cover__inner-container is-layout-flow wp-block-cover-is-layout-flow\">\n<h3 class=\"wp-block-heading has-white-color has-text-color has-medium-font-size\" style=\"margin-top:0;margin-right:0;margin-bottom:0;margin-left:0\"><strong>Los chaebols y su impacto socioecon\u00f3mico<\/strong><\/h3>\n\n\n\n<p class=\"has-secondary-color has-text-color has-link-color wp-elements-84d7dc2c11af9af64f421db4862a0fe8\" style=\"margin-top:0;margin-right:0;margin-bottom:0;margin-left:0\"><a href=\"#\"><em>Seminario online, coordinado por la Facultad de Econom\u00eda UB<\/em> \u2192<\/a><\/p>\n<\/div><\/div>\n<\/div>\n<\/div>\n\n\n\n<div style=\"height:103px\" aria-hidden=\"true\" class=\"wp-block-spacer\"><\/div>\n<\/div>\n\n\n\n<div class=\"wp-block-group alignfull has-global-padding is-layout-constrained wp-block-group-is-layout-constrained\">\n<div class=\"wp-block-group has-global-padding is-layout-constrained wp-block-group-is-layout-constrained\" style=\"padding-top:var(--wp--preset--spacing--small);padding-bottom:var(--wp--preset--spacing--small)\">\n<div style=\"height:30px\" aria-hidden=\"true\" class=\"wp-block-spacer\"><\/div>\n\n\n\n<div class=\"wp-block-columns is-layout-flex wp-container-core-columns-is-layout-c375d253 wp-block-columns-is-layout-flex\">\n<div class=\"wp-block-column is-vertically-aligned-center is-layout-flow wp-block-column-is-layout-flow\">\n<h2 class=\"wp-block-heading has-medium-font-size\" style=\"text-transform:uppercase\"><strong>Carta a las familias<\/strong><\/h2>\n\n\n\n<p><em>Queridos padres:<\/em><br>El inter\u00e9s por los idiomas y las culturas asi\u00e1ticas es una oportunidad excepcional. Si vuestros hijos muestran curiosidad por este mundo, consideradlo una fortuna: ya han comenzado a construir una diferencia significativa que puede abrirles puertas acad\u00e9micas y profesionales en el futuro.<br>Vuestra labor puede potenciar ese inter\u00e9s proporcionando acceso a materiales did\u00e1cticos, m\u00fasica, lecturas o incluso anim\u00e1ndoles a asistir a charlas y seminarios que ampl\u00eden su comprensi\u00f3n de la cultura.<br>Y, sobre todo, acompa\u00f1ad su entusiasmo desde la comprensi\u00f3n y el afecto. Evitar la cr\u00edtica o la burla hacia sus gustos no solo protege su autoestima, sino que tambi\u00e9n fortalece su capacidad para convertir esa pasi\u00f3n en una competencia real y valiosa.<\/p>\n\n\n\n<p><\/p>\n<\/div>\n\n\n\n<div class=\"wp-block-column is-layout-flow wp-block-column-is-layout-flow\">\n<figure class=\"wp-block-gallery has-nested-images columns-default is-cropped wp-block-gallery-2 is-layout-flex wp-block-gallery-is-layout-flex\">\n<figure class=\"wp-block-image size-large\"><img loading=\"lazy\" decoding=\"async\" width=\"1024\" height=\"515\" data-id=\"29\" src=\"https:\/\/centroportalasia.com\/corea\/wp-content\/uploads\/2025\/12\/corea-1024x515.png\" alt=\"\" class=\"wp-image-29\" srcset=\"https:\/\/centroportalasia.com\/corea\/wp-content\/uploads\/2025\/12\/corea-1024x515.png 1024w, https:\/\/centroportalasia.com\/corea\/wp-content\/uploads\/2025\/12\/corea-300x151.png 300w, https:\/\/centroportalasia.com\/corea\/wp-content\/uploads\/2025\/12\/corea.png 1200w\" sizes=\"auto, (max-width: 1024px) 100vw, 1024px\" \/><\/figure>\n<\/figure>\n<\/div>\n<\/div>\n\n\n\n<div style=\"height:30px\" aria-hidden=\"true\" class=\"wp-block-spacer\"><\/div>\n<\/div>\n<\/div>\n\n\n\n<div class=\"wp-block-group alignfull has-background has-global-padding is-layout-constrained wp-block-group-is-layout-constrained\">\n<div class=\"wp-block-group has-global-padding is-layout-constrained wp-block-group-is-layout-constrained\" style=\"padding-top:var(--wp--preset--spacing--small);padding-bottom:var(--wp--preset--spacing--small)\">\n<div style=\"height:30px\" aria-hidden=\"true\" class=\"wp-block-spacer\"><\/div>\n\n\n\n<div class=\"wp-block-columns are-vertically-aligned-center is-layout-flex wp-container-core-columns-is-layout-c375d253 wp-block-columns-is-layout-flex\">\n<div class=\"wp-block-column is-vertically-aligned-center is-layout-flow wp-block-column-is-layout-flow\">\n<figure class=\"wp-block-image size-large\"><img loading=\"lazy\" decoding=\"async\" width=\"1024\" height=\"576\" src=\"https:\/\/centroportalasia.com\/corea\/wp-content\/uploads\/2025\/12\/main-this-gorgeous-public-library-in-korea-is-a-must-see-1522717144-1024x576.jpg\" alt=\"\" class=\"wp-image-35\" srcset=\"https:\/\/centroportalasia.com\/corea\/wp-content\/uploads\/2025\/12\/main-this-gorgeous-public-library-in-korea-is-a-must-see-1522717144-1024x576.jpg 1024w, https:\/\/centroportalasia.com\/corea\/wp-content\/uploads\/2025\/12\/main-this-gorgeous-public-library-in-korea-is-a-must-see-1522717144-300x169.jpg 300w, https:\/\/centroportalasia.com\/corea\/wp-content\/uploads\/2025\/12\/main-this-gorgeous-public-library-in-korea-is-a-must-see-1522717144.jpg 1200w\" sizes=\"auto, (max-width: 1024px) 100vw, 1024px\" \/><\/figure>\n<\/div>\n\n\n\n<div class=\"wp-block-column is-vertically-aligned-center is-layout-flow wp-block-column-is-layout-flow\">\n<h2 class=\"wp-block-heading has-medium-font-size\" style=\"text-transform:uppercase\"><strong>Repositorio Asi\u00e1tico: Biblioteca Online<\/strong><\/h2>\n\n\n\n<p>Estamos configurando un repositorio acad\u00e9mico gratuito que reunir\u00e1:<br>Trabajos universitarios<br>Art\u00edculos<br>Investigaciones<br>Ensayos breves<br>Material audiovisual<br>Documentos raros o dif\u00edciles de encontrar sobre Corea, China, Jap\u00f3n y el resto de Asia Oriental<br>Para acceder, solo es necesario solicitar una cuenta de miembro (gratuita).<br>El repositorio pretende servir como puente entre estudiantes, investigadores y curiosos.<\/p>\n\n\n\n<div class=\"wp-block-buttons is-layout-flex wp-block-buttons-is-layout-flex\">\n<div class=\"wp-block-button is-style-outline is-style-outline--3\"><a class=\"wp-block-button__link wp-element-button\" href=\"#\" style=\"border-radius:0px\">Acceder<\/a><\/div>\n<\/div>\n<\/div>\n<\/div>\n\n\n\n<div style=\"height:30px\" aria-hidden=\"true\" class=\"wp-block-spacer\"><\/div>\n<\/div>\n<\/div>\n\n\n\n<div class=\"wp-block-group alignfull portfolio-dark has-black-background-color has-background has-global-padding is-layout-constrained wp-block-group-is-layout-constrained\" id=\"portfolio\" style=\"margin-top:0px\">\n<div style=\"height:122px\" aria-hidden=\"true\" class=\"wp-block-spacer\"><\/div>\n\n\n\n<h2 class=\"wp-block-heading has-text-align-left has-white-color has-text-color has-large-font-size\"><img decoding=\"async\" src=\"https:\/\/fonts.gstatic.com\/s\/e\/notoemoji\/16.0\/2709_fe0f\/32.png\" alt=\"\u2709\ufe0f\"> Carta a la Nueva Generaci\u00f3n de Investigadores<\/h2>\n\n\n\n<p class=\"has-text-align-left has-text-color\" style=\"color:#0bb4aa;letter-spacing:1px;text-align: justify\"><strong>Querido\/a futuro\/a investigador\/a:<\/strong> <br>\n\n<img loading=\"lazy\" decoding=\"async\" width=\"300\" height=\"225\" src=\"https:\/\/centroportalasia.com\/corea\/wp-content\/uploads\/2026\/02\/Dia-de-Corea.-Embajada-de-Corea-300x225.jpg\" alt=\"D\u00eda de Corea. Embajada de Corea\" \nclass=\"wp-image-64\" style=\"float:left; margin-top: 20px;\n  margin-bottom: 20px;\n  margin-right: 20px;\n  margin-left: 1px;\" srcset=\"https:\/\/centroportalasia.com\/corea\/wp-content\/uploads\/2026\/02\/Dia-de-Corea.-Embajada-de-Corea-300x225.jpg 300w, https:\/\/centroportalasia.com\/corea\/wp-content\/uploads\/2026\/02\/Dia-de-Corea.-Embajada-de-Corea-1024x768.jpg 1024w, https:\/\/centroportalasia.com\/corea\/wp-content\/uploads\/2026\/02\/Dia-de-Corea.-Embajada-de-Corea-2000x1500.jpg 2000w, https:\/\/centroportalasia.com\/corea\/wp-content\/uploads\/2026\/02\/Dia-de-Corea.-Embajada-de-Corea.jpg 2048w\" sizes=\"auto, (max-width: 300px) 100vw, 300px\" \/><br>\n\n\n\n\nLa cultura coreana ha dejado de ser un fen\u00f3meno lejano para convertirse en una de las fuerzas m\u00e1s influyentes de nuestro tiempo. Lo vemos en la m\u00fasica, en el cine, en la tecnolog\u00eda y en la estructura social de un pa\u00eds que mira al futuro sin soltar la mano de su pasado. Pero detr\u00e1s de cada tendencia, hay una pregunta esperando ser respondida, y ah\u00ed es donde entras t\u00fa.<br> Sabemos el esfuerzo, las horas de lectura y la pasi\u00f3n que has volcado en tu TR, TFM o trabajo acad\u00e9mico. Ese an\u00e1lisis sobre la est\u00e9tica de los palacios de Se\u00fal, ese estudio sobre el impacto del <strong>Hallyu<\/strong> o esa investigaci\u00f3n sobre la historia de la pen\u00ednsula no deber\u00edan quedar guardados en una carpeta olvidada de tu ordenador.<br><br><strong> Te invitamos a formar parte de nuestra Biblioteca Digital.<\/strong><br>Nuestra misi\u00f3n es ambiciosa: recopilar el talento joven de habla hispana y convertirlo en el mayor archivo de conocimiento sobre Corea y Asia. Queremos que tu trabajo sea la fuente de inspiraci\u00f3n para el siguiente estudiante, que tu nombre aparezca en las b\u00fasquedas de quienes quieren entender mejor este fascinante pa\u00eds y que tu investigaci\u00f3n sea el motor de futuros seminarios y debates.<br> <br> \u00bfPor qu\u00e9 participar?<br>Visibilidad: Dale a tu trabajo el alcance que merece ante una comunidad de acad\u00e9micos y entusiastas.<br> Networking: Con\u00e9ctate con otros investigadores, asiste a nuestras charlas y forma parte de una red de expertos en formaci\u00f3n.<br> Legado: Ay\u00fadanos a construir una base de datos rigurosa, moderna y abierta para todos.<br>El conocimiento solo crece cuando se comparte. Te animamos a dar el paso, a enviarnos tu propuesta y a ser uno de los pilares de esta biblioteca digital que estamos construyendo juntos.<br> <br> El futuro de los estudios coreanos empieza con tu investigaci\u00f3n.<br> Esperamos leerte pronto,<br><br> El equipo de Centro Portal Asia\n\n\n\n\n\n\n\n\n\n\n\n\n\n<\/p>\n\n\n\n<p><\/p>\n\n\n\n<div style=\"height:0px\" aria-hidden=\"true\" class=\"wp-block-spacer\"><\/div>\n<\/div>\n\n\n\n<div id=\"team\" class=\"wp-block-group has-global-padding is-layout-constrained wp-block-group-is-layout-constrained\">\n<div class=\"wp-block-group is-layout-flow wp-block-group-is-layout-flow\">\n<div style=\"height:0px\" aria-hidden=\"true\" class=\"wp-block-spacer\"><\/div>\n\n\n\n\n\n\n\n\n\n\n\n\n<\/div>\n<\/div>\n\n\n\n<div class=\"wp-block-cover alignfull has-parallax is-position-center-center\" style=\"border-radius:0px\"><div class=\"wp-block-cover__image-background wp-image-139 size-full has-parallax\" style=\"background-position:50% 50%;background-image:url(https:\/\/centroportalasia.com\/corea\/wp-content\/uploads\/2026\/02\/hanok.jpg)\"><\/div><span aria-hidden=\"true\" class=\"wp-block-cover__background has-black-background-color has-background-dim-40 has-background-dim\"><\/span><div class=\"wp-block-cover__inner-container is-layout-flow wp-block-cover-is-layout-flow\">\n<div class=\"wp-block-group has-global-padding is-layout-constrained wp-block-group-is-layout-constrained\">\n<h3 class=\"wp-block-heading has-text-align-center has-text-color has-medium-font-size\" style=\"color:#fffffa;text-transform:uppercase\"><mark style=\"background-color:rgba(0, 0, 0, 0)\" class=\"has-inline-color has-foreground-color\">Talleres, cursos y actividades<\/mark><\/h3>\n\n\n\n<p class=\"has-text-align-center has-white-color has-text-color\">Adem\u00e1s de los contenidos en l\u00ednea, impulsamos talleres, cursos y actividades presenciales que ayudan a vivir la cultura asi\u00e1tica en primera persona: idioma, historia, cine, literatura, gastronom\u00eda y mucho m\u00e1s. Creemos en una comunidad abierta, cercana y diversa, donde el di\u00e1logo intercultural sea la base para comprender mejor el papel de Asia en el mundo de hoy.<\/p>\n\n\n\n<div style=\"height:31px\" aria-hidden=\"true\" class=\"wp-block-spacer\"><\/div>\n\n\n\n<div class=\"wp-block-buttons is-horizontal is-content-justification-center is-layout-flex wp-container-core-buttons-is-layout-03627597 wp-block-buttons-is-layout-flex\">\n<div class=\"wp-block-button is-style-outline is-style-outline--5\"><a class=\"wp-block-button__link has-white-color has-text-color wp-element-button\" href=\"#\" style=\"border-radius:0px\">Siguenos<\/a><\/div>\n<\/div>\n<\/div>\n<\/div><\/div>\n\n\n\n<div id=\"news\" class=\"wp-block-group has-global-padding is-layout-constrained wp-block-group-is-layout-constrained\">\n<p class=\"has-text-align-left has-secondary-color has-text-color\">FROM THE BLOG<\/p>\n\n\n\n<h2 class=\"wp-block-heading has-text-align-left\"><\/h2>\n\n\n\n<div style=\"height:33px\" aria-hidden=\"true\" class=\"wp-block-spacer\"><\/div>\n\n\n\n<div class=\"wp-block-query is-layout-flow wp-block-query-is-layout-flow\"><ul class=\"columns-3 wp-block-post-template is-layout-grid wp-container-core-post-template-is-layout-6aac66c0 wp-block-post-template-is-layout-grid\"><li class=\"wp-block-post post-115 post type-post status-publish format-standard has-post-thumbnail hentry category-korea-world\">\n<figure style=\"width:100%;height:240px; margin-bottom:var(--wp--preset--spacing--x-small);\" class=\"wp-block-post-featured-image\"><a href=\"https:\/\/centroportalasia.com\/corea\/2026\/02\/09\/corea\/\" target=\"_self\"  style=\"height:240px\"><img loading=\"lazy\" decoding=\"async\" width=\"1200\" height=\"675\" src=\"https:\/\/centroportalasia.com\/corea\/wp-content\/uploads\/2025\/12\/main-this-gorgeous-public-library-in-korea-is-a-must-see-1522717144.jpg\" class=\"attachment-post-thumbnail size-post-thumbnail wp-post-image\" alt=\"Biblioteca Coreana\" style=\"border-radius:5px;height:240px;object-fit:cover;\" srcset=\"https:\/\/centroportalasia.com\/corea\/wp-content\/uploads\/2025\/12\/main-this-gorgeous-public-library-in-korea-is-a-must-see-1522717144.jpg 1200w, https:\/\/centroportalasia.com\/corea\/wp-content\/uploads\/2025\/12\/main-this-gorgeous-public-library-in-korea-is-a-must-see-1522717144-300x169.jpg 300w, https:\/\/centroportalasia.com\/corea\/wp-content\/uploads\/2025\/12\/main-this-gorgeous-public-library-in-korea-is-a-must-see-1522717144-1024x576.jpg 1024w\" sizes=\"auto, 100vw\" \/><\/a><\/figure>\n\n<div style=\"margin-top:0;margin-bottom:0;\" class=\"has-link-color wp-elements-81b22c36d1d8b884fcf13a99846b36c3 wp-block-post-date has-text-color has-tertiary-color\"><time datetime=\"2026-02-09T14:18:07+00:00\">febrero 9, 2026<\/time><\/div>\n\n<h3 style=\"margin-top:0;margin-bottom:var(--wp--preset--spacing--x-small);\" class=\"has-link-color wp-elements-2e75b4e4fab489cf445e03eda13279d1 wp-block-post-title\"><a href=\"https:\/\/centroportalasia.com\/corea\/2026\/02\/09\/corea\/\" target=\"_self\" >Biblioteca Coreana<\/a><\/h3>\n\n<div class=\"has-link-color wp-elements-61eeeb1d6c31f3761cb8bc35b6e1a095 wp-block-post-excerpt has-text-color has-tertiary-color\"><p class=\"wp-block-post-excerpt__excerpt\"> <\/p><\/div>\n\n<a style=\"text-transform:uppercase; border-width:2px; padding-right:var(--wp--preset--spacing--x-small);padding-left:var(--wp--preset--spacing--x-small);padding-top:10px;padding-bottom:10px;\" class=\"wp-block-read-more has-text-color has-foreground-color\" href=\"https:\/\/centroportalasia.com\/corea\/2026\/02\/09\/corea\/\" target=\"_self\">Leer m\u00e1s<span class=\"screen-reader-text\">: Biblioteca Coreana<\/span><\/a>\n<\/li><li class=\"wp-block-post post-1 post type-post status-publish format-standard has-post-thumbnail hentry category-korea-world\">\n<figure style=\"width:100%;height:240px; margin-bottom:var(--wp--preset--spacing--x-small);\" class=\"wp-block-post-featured-image\"><a href=\"https:\/\/centroportalasia.com\/corea\/2025\/12\/22\/hello-world\/\" target=\"_self\"  style=\"height:240px\"><img loading=\"lazy\" decoding=\"async\" width=\"1280\" height=\"671\" src=\"https:\/\/centroportalasia.com\/corea\/wp-content\/uploads\/2025\/12\/pyl0lvkgo9a17kpaf2b49tb5mdrabhfx.webp\" class=\"attachment-post-thumbnail size-post-thumbnail wp-post-image\" alt=\"Hello world!\" style=\"border-radius:5px;height:240px;object-fit:cover;\" srcset=\"https:\/\/centroportalasia.com\/corea\/wp-content\/uploads\/2025\/12\/pyl0lvkgo9a17kpaf2b49tb5mdrabhfx.webp 1280w, https:\/\/centroportalasia.com\/corea\/wp-content\/uploads\/2025\/12\/pyl0lvkgo9a17kpaf2b49tb5mdrabhfx-300x157.webp 300w, https:\/\/centroportalasia.com\/corea\/wp-content\/uploads\/2025\/12\/pyl0lvkgo9a17kpaf2b49tb5mdrabhfx-1024x537.webp 1024w\" sizes=\"auto, 100vw\" \/><\/a><\/figure>\n\n<div style=\"margin-top:0;margin-bottom:0;\" class=\"has-link-color wp-elements-81b22c36d1d8b884fcf13a99846b36c3 wp-block-post-date has-text-color has-tertiary-color\"><time datetime=\"2025-12-22T22:22:40+00:00\">diciembre 22, 2025<\/time><\/div>\n\n<h3 style=\"margin-top:0;margin-bottom:var(--wp--preset--spacing--x-small);\" class=\"has-link-color wp-elements-2e75b4e4fab489cf445e03eda13279d1 wp-block-post-title\"><a href=\"https:\/\/centroportalasia.com\/corea\/2025\/12\/22\/hello-world\/\" target=\"_self\" >Hello world!<\/a><\/h3>\n\n<div class=\"has-link-color wp-elements-61eeeb1d6c31f3761cb8bc35b6e1a095 wp-block-post-excerpt has-text-color has-tertiary-color\"><p class=\"wp-block-post-excerpt__excerpt\">Welcome to WordPress. This is your first post. Edit or delete it, then start writing! <\/p><\/div>\n\n<a style=\"text-transform:uppercase; border-width:2px; padding-right:var(--wp--preset--spacing--x-small);padding-left:var(--wp--preset--spacing--x-small);padding-top:10px;padding-bottom:10px;\" class=\"wp-block-read-more has-text-color has-foreground-color\" href=\"https:\/\/centroportalasia.com\/corea\/2025\/12\/22\/hello-world\/\" target=\"_self\">Leer m\u00e1s<span class=\"screen-reader-text\">: Hello world!<\/span><\/a>\n<\/li><\/ul>\n\n<\/div>\n\n\n\n<div style=\"height:85px\" aria-hidden=\"true\" class=\"wp-block-spacer\"><\/div>\n<\/div>\n","protected":false},"excerpt":{"rendered":"<p>Encontrar\u00e1s contenidos divulgativos y an\u00e1lisis sobre Asia, con especial atenci\u00f3n a Corea, Jap\u00f3n y China. En Portal Asia encontrar\u00e1s contenidos divulgativos y an\u00e1lisis sobre Asia, con especial atenci\u00f3n a Corea, Jap\u00f3n y China, dirigidos al p\u00fablico espa\u00f1ol, presentados de manera accesible, rigurosa y culturalmente enriquecedora. LET&#8217;S WORK TOGETHER! Charlas, seminarios y conferencias \u201cEl amor por &hellip; <\/p>\n<p class=\"link-more\"><a href=\"https:\/\/centroportalasia.com\/corea\/\" class=\"more-link\">Leer m\u00e1s<span class=\"screen-reader-text\"> \u00abKorea\u00bb<\/span><\/a><\/p>\n","protected":false},"author":1,"featured_media":0,"parent":0,"menu_order":0,"comment_status":"closed","ping_status":"closed","template":"page-templates\/homepage-builder-bb.php","meta":{"inspiro_hide_title":false,"footnotes":""},"class_list":["post-8","page","type-page","status-publish","hentry"],"_links":{"self":[{"href":"https:\/\/centroportalasia.com\/corea\/wp-json\/wp\/v2\/pages\/8","targetHints":{"allow":["GET"]}}],"collection":[{"href":"https:\/\/centroportalasia.com\/corea\/wp-json\/wp\/v2\/pages"}],"about":[{"href":"https:\/\/centroportalasia.com\/corea\/wp-json\/wp\/v2\/types\/page"}],"author":[{"embeddable":true,"href":"https:\/\/centroportalasia.com\/corea\/wp-json\/wp\/v2\/users\/1"}],"replies":[{"embeddable":true,"href":"https:\/\/centroportalasia.com\/corea\/wp-json\/wp\/v2\/comments?post=8"}],"version-history":[{"count":47,"href":"https:\/\/centroportalasia.com\/corea\/wp-json\/wp\/v2\/pages\/8\/revisions"}],"predecessor-version":[{"id":154,"href":"https:\/\/centroportalasia.com\/corea\/wp-json\/wp\/v2\/pages\/8\/revisions\/154"}],"wp:attachment":[{"href":"https:\/\/centroportalasia.com\/corea\/wp-json\/wp\/v2\/media?parent=8"}],"curies":[{"name":"wp","href":"https:\/\/api.w.org\/{rel}","templated":true}]}}