{"id":9,"date":"2025-12-22T22:27:09","date_gmt":"2025-12-22T22:27:09","guid":{"rendered":"https:\/\/centroportalasia.com\/corea\/?page_id=9"},"modified":"2026-02-09T15:47:26","modified_gmt":"2026-02-09T15:47:26","slug":"acerca-de","status":"publish","type":"page","link":"https:\/\/centroportalasia.com\/corea\/acerca-de\/","title":{"rendered":"Nosotros"},"content":{"rendered":"\n<h2 class=\"wp-block-heading has-large-font-size\" id=\"inspiro-is-a-digital-product-agency-that-focuses-on-strategy-and-design\" style=\"font-style:normal;font-weight:100\"><strong><a href=\"https:\/\/centroportalasia.com\/corea\/\" target=\"_blank\" rel=\"noreferrer noopener\">Centro investigaci\u00f3n Coreana a Catalu\u00f1a<\/a><\/strong><\/h2>\n\n\n\n<p><\/p>\n\n\n\n<p>En Portal Asia acercamos el continente asi\u00e1tico al p\u00fablico de habla hispana a trav\u00e9s de contenidos divulgativos, an\u00e1lisis y actividades culturales pensadas para despertar la curiosidad y profundizar en el conocimiento. Ponemos una atenci\u00f3n especial en Corea, Jap\u00f3n y China, tres pa\u00edses que nos apasionan y que trabajamos desde una perspectiva hist\u00f3rica, social y contempor\u00e1nea.<\/p>\n\n\n\n<p>Nuestro objetivo es ofrecer informaci\u00f3n accesible, rigurosa y enriquecedora, combinando la experiencia de nuestro equipo con recursos actualizados y propuestas din\u00e1micas. Queremos que cualquier persona interesada en Asia \u2014desde quien da sus primeros pasos hasta quien busca ir m\u00e1s all\u00e1\u2014 encuentre un espacio de referencia donde aprender, reflexionar y disfrutar.<\/p>\n\n\n\n<p><\/p>\n\n\n\n<p><\/p>\n\n\n\n<p><\/p>\n\n\n\n<p><\/p>\n\n\n\n<h3 class=\"wp-block-heading has-large-font-size\" id=\"inspiro-is-a-digital-product-agency-that-focuses-on-strategy-and-desig\" style=\"font-weight:300\"><\/h3>\n\n\n\n<figure class=\"wp-block-embed alignwide is-type-video is-provider-youtube wp-block-embed-youtube wp-embed-aspect-16-9 wp-has-aspect-ratio\"><div class=\"wp-block-embed__wrapper\">\n<iframe loading=\"lazy\" title=\"[Playlist] Listen Before Your Trip! (feat. BUSAN)\" width=\"950\" height=\"534\" src=\"https:\/\/www.youtube.com\/embed\/GwIQGamfmuI?start=10&#038;feature=oembed\" frameborder=\"0\" allow=\"accelerometer; autoplay; clipboard-write; encrypted-media; gyroscope; picture-in-picture; web-share\" referrerpolicy=\"strict-origin-when-cross-origin\" allowfullscreen><\/iframe>\n<\/div><\/figure>\n\n\n\n<div style=\"height:100px\" aria-hidden=\"true\" class=\"wp-block-spacer\"><\/div>\n","protected":false},"excerpt":{"rendered":"<p>Centro investigaci\u00f3n Coreana a Catalu\u00f1a En Portal Asia acercamos el continente asi\u00e1tico al p\u00fablico de habla hispana a trav\u00e9s de contenidos divulgativos, an\u00e1lisis y actividades culturales pensadas para despertar la curiosidad y profundizar en el conocimiento. Ponemos una atenci\u00f3n especial en Corea, Jap\u00f3n y China, tres pa\u00edses que nos apasionan y que trabajamos desde una &hellip; <\/p>\n<p class=\"link-more\"><a href=\"https:\/\/centroportalasia.com\/corea\/acerca-de\/\" class=\"more-link\">Leer m\u00e1s<span class=\"screen-reader-text\"> \u00abNosotros\u00bb<\/span><\/a><\/p>\n","protected":false},"author":1,"featured_media":89,"parent":0,"menu_order":0,"comment_status":"closed","ping_status":"closed","template":"","meta":{"inspiro_hide_title":false,"footnotes":""},"class_list":["post-9","page","type-page","status-publish","has-post-thumbnail","hentry"],"_links":{"self":[{"href":"https:\/\/centroportalasia.com\/corea\/wp-json\/wp\/v2\/pages\/9","targetHints":{"allow":["GET"]}}],"collection":[{"href":"https:\/\/centroportalasia.com\/corea\/wp-json\/wp\/v2\/pages"}],"about":[{"href":"https:\/\/centroportalasia.com\/corea\/wp-json\/wp\/v2\/types\/page"}],"author":[{"embeddable":true,"href":"https:\/\/centroportalasia.com\/corea\/wp-json\/wp\/v2\/users\/1"}],"replies":[{"embeddable":true,"href":"https:\/\/centroportalasia.com\/corea\/wp-json\/wp\/v2\/comments?post=9"}],"version-history":[{"count":11,"href":"https:\/\/centroportalasia.com\/corea\/wp-json\/wp\/v2\/pages\/9\/revisions"}],"predecessor-version":[{"id":161,"href":"https:\/\/centroportalasia.com\/corea\/wp-json\/wp\/v2\/pages\/9\/revisions\/161"}],"wp:featuredmedia":[{"embeddable":true,"href":"https:\/\/centroportalasia.com\/corea\/wp-json\/wp\/v2\/media\/89"}],"wp:attachment":[{"href":"https:\/\/centroportalasia.com\/corea\/wp-json\/wp\/v2\/media?parent=9"}],"curies":[{"name":"wp","href":"https:\/\/api.w.org\/{rel}","templated":true}]}}